{"id":44577,"date":"2020-10-22T17:13:17","date_gmt":"2020-10-22T15:13:17","guid":{"rendered":"https:\/\/carmencita2.dev3dids.com\/recetas\/zanahoria-con-menta\/"},"modified":"2023-10-24T22:53:17","modified_gmt":"2023-10-24T20:53:17","slug":"carrot-with-mint-pickles","status":"publish","type":"page","link":"https:\/\/carmencita.com\/en\/recipes\/carrot-with-mint-pickles\/","title":{"rendered":"Carrot with mint pickles"},"content":{"rendered":"\t\t<div data-elementor-type=\"wp-page\" data-elementor-id=\"44577\" class=\"elementor elementor-44577 elementor-15710\" data-elementor-post-type=\"page\">\n\t\t\t\t\t\t<section class=\"elementor-section elementor-top-section elementor-element elementor-element-ba82d61 elementor-hidden-phone elementor-section-boxed elementor-section-height-default elementor-section-height-default\" data-id=\"ba82d61\" data-element_type=\"section\">\n\t\t\t\t\t\t<div class=\"elementor-container elementor-column-gap-no\">\n\t\t\t\t\t<div class=\"elementor-column elementor-col-50 elementor-top-column elementor-element elementor-element-a924679 elementor-hidden-phone\" data-id=\"a924679\" data-element_type=\"column\">\n\t\t\t<div class=\"elementor-widget-wrap elementor-element-populated\">\n\t\t\t\t\t\t<div class=\"elementor-element elementor-element-f6a791c elementor-widget elementor-widget-text-editor\" data-id=\"f6a791c\" data-element_type=\"widget\" data-widget_type=\"text-editor.default\">\n\t\t\t\t<div class=\"elementor-widget-container\">\n\t\t\t\t\t\t\t<p><span style=\"color: #000000;\">Mar\u00eda Jos\u00e9 San Rom\u00e1n<\/span><\/p>\n\t\t\t\t\t\t<\/div>\n\t\t\t\t<\/div>\n\t\t\t\t<div class=\"elementor-element elementor-element-0d88e4a elementor-widget elementor-widget-text-editor\" data-id=\"0d88e4a\" data-element_type=\"widget\" data-widget_type=\"text-editor.default\">\n\t\t\t\t<div class=\"elementor-widget-container\">\n\t\t\t\t\t\t\t<p>Monastrell (Alicante)<\/p>\n\t\t\t\t\t\t<\/div>\n\t\t\t\t<\/div>\n\t\t\t\t<div class=\"elementor-element elementor-element-cc6dfe6 elementor-widget elementor-widget-heading\" data-id=\"cc6dfe6\" data-element_type=\"widget\" data-widget_type=\"heading.default\">\n\t\t\t\t<div class=\"elementor-widget-container\">\n\t\t\t<h2 class=\"elementor-heading-title elementor-size-default\">Carrots <br>\npickled with<br>peppermint<\/h2>\t\t<\/div>\n\t\t\t\t<\/div>\n\t\t\t\t<div class=\"elementor-element elementor-element-88140c9 elementor-widget elementor-widget-text-editor\" data-id=\"88140c9\" data-element_type=\"widget\" data-widget_type=\"text-editor.default\">\n\t\t\t\t<div class=\"elementor-widget-container\">\n\t\t\t\t\t\t\t<p>With parsley, peppermint,<br \/>salt and whole pepper<\/p>\n\t\t\t\t\t\t<\/div>\n\t\t\t\t<\/div>\n\t\t\t\t<div class=\"elementor-element elementor-element-8b9ce99 elementor-widget elementor-widget-image\" data-id=\"8b9ce99\" data-element_type=\"widget\" data-widget_type=\"image.default\">\n\t\t\t\t<div class=\"elementor-widget-container\">\n\t\t\t\t\t\t\t\t\t\t\t\t\t<img decoding=\"async\" width=\"351\" height=\"89\" src=\"https:\/\/carmencita.com\/wp-content\/uploads\/abespeciario\/Grupo-575@2x.jpg\" class=\"attachment-full size-full wp-image-45093\" alt=\"\" srcset=\"https:\/\/carmencita.com\/wp-content\/uploads\/abespeciario\/Grupo-575@2x.jpg 351w, https:\/\/carmencita.com\/wp-content\/uploads\/abespeciario\/Grupo-575@2x-300x76.jpg 300w\" sizes=\"(max-width: 351px) 100vw, 351px\" \/>\t\t\t\t\t\t\t\t\t\t\t\t\t<\/div>\n\t\t\t\t<\/div>\n\t\t\t\t<div class=\"elementor-element elementor-element-4adb0c9 elementor-widget elementor-widget-text-editor\" data-id=\"4adb0c9\" data-element_type=\"widget\" data-widget_type=\"text-editor.default\">\n\t\t\t\t<div class=\"elementor-widget-container\">\n\t\t\t\t\t\t\t<p>Preparation<\/p>\n\t\t\t\t\t\t<\/div>\n\t\t\t\t<\/div>\n\t\t\t\t<div class=\"elementor-element elementor-element-d77bda2 elementor-widget__width-initial elementor-widget elementor-widget-text-editor\" data-id=\"d77bda2\" data-element_type=\"widget\" data-widget_type=\"text-editor.default\">\n\t\t\t\t<div class=\"elementor-widget-container\">\n\t\t\t\t\t\t\t<ul>\n<li>have the carrots in fine 0.3 mm thick strips and mix them with the salt, garlic, pepper and chopped peppermint.<\/li>\n<li>Marinate for 20 minutes.<\/li>\n<li>Mix the sugar and vinegar and, then, add the carrots to the mix. Allow to soak for 24 hours.<\/li>\n<li>Keep it in the extra virgin olive oil.<\/li>\n<\/ul>\n\t\t\t\t\t\t<\/div>\n\t\t\t\t<\/div>\n\t\t\t\t\t<\/div>\n\t\t<\/div>\n\t\t\t\t<div class=\"elementor-column elementor-col-50 elementor-top-column elementor-element elementor-element-8f4ac22\" data-id=\"8f4ac22\" data-element_type=\"column\">\n\t\t\t<div class=\"elementor-widget-wrap elementor-element-populated\">\n\t\t\t\t\t\t<div class=\"elementor-element elementor-element-c8f6652 elementor-widget elementor-widget-image\" data-id=\"c8f6652\" data-element_type=\"widget\" data-widget_type=\"image.default\">\n\t\t\t\t<div class=\"elementor-widget-container\">\n\t\t\t\t\t\t\t\t\t\t\t\t\t<img fetchpriority=\"high\" decoding=\"async\" width=\"1722\" height=\"2560\" src=\"https:\/\/carmencita.com\/wp-content\/uploads\/abespeciario\/Enmascarar-grupo-3@2x-scaled-1.jpg\" class=\"attachment-full size-full wp-image-45091\" alt=\"\" srcset=\"https:\/\/carmencita.com\/wp-content\/uploads\/abespeciario\/Enmascarar-grupo-3@2x-scaled-1.jpg 1722w, https:\/\/carmencita.com\/wp-content\/uploads\/abespeciario\/Enmascarar-grupo-3@2x-scaled-1-202x300.jpg 202w, https:\/\/carmencita.com\/wp-content\/uploads\/abespeciario\/Enmascarar-grupo-3@2x-scaled-1-689x1024.jpg 689w, https:\/\/carmencita.com\/wp-content\/uploads\/abespeciario\/Enmascarar-grupo-3@2x-scaled-1-768x1142.jpg 768w, https:\/\/carmencita.com\/wp-content\/uploads\/abespeciario\/Enmascarar-grupo-3@2x-scaled-1-1033x1536.jpg 1033w, https:\/\/carmencita.com\/wp-content\/uploads\/abespeciario\/Enmascarar-grupo-3@2x-scaled-1-1378x2048.jpg 1378w\" sizes=\"(max-width: 1722px) 100vw, 1722px\" \/>\t\t\t\t\t\t\t\t\t\t\t\t\t<\/div>\n\t\t\t\t<\/div>\n\t\t\t\t<div class=\"elementor-element elementor-element-d3f0792 elementor-widget__width-auto elementor-widget elementor-widget-image\" data-id=\"d3f0792\" data-element_type=\"widget\" data-widget_type=\"image.default\">\n\t\t\t\t<div class=\"elementor-widget-container\">\n\t\t\t\t\t\t\t\t\t\t\t\t\t<img decoding=\"async\" width=\"231\" height=\"149\" src=\"https:\/\/carmencita.com\/wp-content\/uploads\/2020\/09\/100_Laurel@2x.png\" class=\"attachment-large size-large wp-image-40154\" alt=\"\" \/>\t\t\t\t\t\t\t\t\t\t\t\t\t<\/div>\n\t\t\t\t<\/div>\n\t\t\t\t<div class=\"elementor-element elementor-element-e3665df elementor-widget__width-auto elementor-widget elementor-widget-text-editor\" data-id=\"e3665df\" data-element_type=\"widget\" data-widget_type=\"text-editor.default\">\n\t\t\t\t<div class=\"elementor-widget-container\">\n\t\t\t\t\t\t\t<p>A hundred years of cooking with spices<\/p>\n\t\t\t\t\t\t<\/div>\n\t\t\t\t<\/div>\n\t\t\t\t<div class=\"elementor-element elementor-element-0eceec7 elementor-widget-divider--view-line elementor-widget elementor-widget-divider\" data-id=\"0eceec7\" data-element_type=\"widget\" data-widget_type=\"divider.default\">\n\t\t\t\t<div class=\"elementor-widget-container\">\n\t\t\t\t\t<div class=\"elementor-divider\">\n\t\t\t<span class=\"elementor-divider-separator\">\n\t\t\t\t\t\t<\/span>\n\t\t<\/div>\n\t\t\t\t<\/div>\n\t\t\t\t<\/div>\n\t\t\t\t<div class=\"elementor-element elementor-element-bf1090a elementor-hidden-phone elementor-widget elementor-widget-text-editor\" data-id=\"bf1090a\" data-element_type=\"widget\" data-widget_type=\"text-editor.default\">\n\t\t\t\t<div class=\"elementor-widget-container\">\n\t\t\t\t\t\t\t<p>Ingredients for 4 people<\/p>\n\t\t\t\t\t\t<\/div>\n\t\t\t\t<\/div>\n\t\t\t\t<div class=\"elementor-element elementor-element-0119376 elementor-widget__width-initial elementor-hidden-phone elementor-widget elementor-widget-text-editor\" data-id=\"0119376\" data-element_type=\"widget\" data-widget_type=\"text-editor.default\">\n\t\t\t\t<div class=\"elementor-widget-container\">\n\t\t\t\t\t\t\t<p>1 kg of carrots<br \/>200 g of extra virgin olive oil<br \/>150 ml of white vinegar<br \/>90 g of white sugar<br \/>30 g of Carmencita parsley<br \/>20 g of Carmencita chopped garlic<br \/>20 g of fresh mint or peppermin<br \/>10 g of Carmencita fine salt <br \/>2 g of Carmencita whole black peppercorns<\/p>\n\t\t\t\t\t\t<\/div>\n\t\t\t\t<\/div>\n\t\t\t\t\t<\/div>\n\t\t<\/div>\n\t\t\t\t\t<\/div>\n\t\t<\/section>\n\t\t\t\t<section class=\"elementor-section elementor-top-section elementor-element elementor-element-7ecef33 elementor-hidden-desktop elementor-hidden-tablet elementor-section-boxed elementor-section-height-default elementor-section-height-default\" data-id=\"7ecef33\" data-element_type=\"section\">\n\t\t\t\t\t\t<div class=\"elementor-container elementor-column-gap-no\">\n\t\t\t\t\t<div class=\"elementor-column elementor-col-100 elementor-top-column elementor-element elementor-element-95688a1\" data-id=\"95688a1\" data-element_type=\"column\">\n\t\t\t<div class=\"elementor-widget-wrap elementor-element-populated\">\n\t\t\t\t\t\t<div class=\"elementor-element elementor-element-aca1e88 elementor-widget elementor-widget-image\" data-id=\"aca1e88\" data-element_type=\"widget\" data-widget_type=\"image.default\">\n\t\t\t\t<div class=\"elementor-widget-container\">\n\t\t\t\t\t\t\t\t\t\t\t\t\t<img decoding=\"async\" src=\"https:\/\/carmencita.com\/wp-content\/plugins\/elementor\/assets\/images\/placeholder.png\" title=\"\" alt=\"\" loading=\"lazy\" \/>\t\t\t\t\t\t\t\t\t\t\t\t\t<\/div>\n\t\t\t\t<\/div>\n\t\t\t\t<div class=\"elementor-element elementor-element-1e8bee4 elementor-widget__width-auto elementor-widget elementor-widget-image\" data-id=\"1e8bee4\" data-element_type=\"widget\" data-widget_type=\"image.default\">\n\t\t\t\t<div class=\"elementor-widget-container\">\n\t\t\t\t\t\t\t\t\t\t\t\t\t<img decoding=\"async\" src=\"https:\/\/carmencita.com\/wp-content\/plugins\/elementor\/assets\/images\/placeholder.png\" title=\"\" alt=\"\" loading=\"lazy\" \/>\t\t\t\t\t\t\t\t\t\t\t\t\t<\/div>\n\t\t\t\t<\/div>\n\t\t\t\t<div class=\"elementor-element elementor-element-d8cda2d elementor-widget__width-auto elementor-widget elementor-widget-text-editor\" data-id=\"d8cda2d\" data-element_type=\"widget\" data-widget_type=\"text-editor.default\">\n\t\t\t\t<div class=\"elementor-widget-container\">\n\t\t\t\t\t\t\t<p>A hundred years of cooking with spices<\/p>\n\t\t\t\t\t\t<\/div>\n\t\t\t\t<\/div>\n\t\t\t\t<div class=\"elementor-element elementor-element-6dac155 elementor-widget-divider--view-line elementor-widget elementor-widget-divider\" data-id=\"6dac155\" data-element_type=\"widget\" data-widget_type=\"divider.default\">\n\t\t\t\t<div class=\"elementor-widget-container\">\n\t\t\t\t\t<div class=\"elementor-divider\">\n\t\t\t<span class=\"elementor-divider-separator\">\n\t\t\t\t\t\t<\/span>\n\t\t<\/div>\n\t\t\t\t<\/div>\n\t\t\t\t<\/div>\n\t\t\t\t<div class=\"elementor-element elementor-element-ab25623 elementor-widget elementor-widget-text-editor\" data-id=\"ab25623\" data-element_type=\"widget\" data-widget_type=\"text-editor.default\">\n\t\t\t\t<div class=\"elementor-widget-container\">\n\t\t\t\t\t\t\t<p><span style=\"color: #000000;\">Mar\u00eda Jos\u00e9 San Rom\u00e1n<\/span><\/p>\n\t\t\t\t\t\t<\/div>\n\t\t\t\t<\/div>\n\t\t\t\t<div class=\"elementor-element elementor-element-a2520cc elementor-widget elementor-widget-text-editor\" data-id=\"a2520cc\" data-element_type=\"widget\" data-widget_type=\"text-editor.default\">\n\t\t\t\t<div class=\"elementor-widget-container\">\n\t\t\t\t\t\t\t<p>Monastrell (Alicante)<\/p>\n\t\t\t\t\t\t<\/div>\n\t\t\t\t<\/div>\n\t\t\t\t<div class=\"elementor-element elementor-element-d9e325a elementor-widget elementor-widget-heading\" data-id=\"d9e325a\" data-element_type=\"widget\" data-widget_type=\"heading.default\">\n\t\t\t\t<div class=\"elementor-widget-container\">\n\t\t\t<h2 class=\"elementor-heading-title elementor-size-default\">Carrots <br>\npickled with<br>peppermint<\/h2>\t\t<\/div>\n\t\t\t\t<\/div>\n\t\t\t\t<div class=\"elementor-element elementor-element-2ade06a elementor-widget elementor-widget-text-editor\" data-id=\"2ade06a\" data-element_type=\"widget\" data-widget_type=\"text-editor.default\">\n\t\t\t\t<div class=\"elementor-widget-container\">\n\t\t\t\t\t\t\t<p>With parsley, peppermint,<br \/>salt and whole pepper<\/p>\n\t\t\t\t\t\t<\/div>\n\t\t\t\t<\/div>\n\t\t\t\t<div class=\"elementor-element elementor-element-deaaa25 elementor-widget elementor-widget-image\" data-id=\"deaaa25\" data-element_type=\"widget\" data-widget_type=\"image.default\">\n\t\t\t\t<div class=\"elementor-widget-container\">\n\t\t\t\t\t\t\t\t\t\t\t\t\t<img decoding=\"async\" src=\"https:\/\/carmencita.com\/wp-content\/plugins\/elementor\/assets\/images\/placeholder.png\" title=\"\" alt=\"\" loading=\"lazy\" \/>\t\t\t\t\t\t\t\t\t\t\t\t\t<\/div>\n\t\t\t\t<\/div>\n\t\t\t\t<div class=\"elementor-element elementor-element-59641d5 elementor-widget elementor-widget-text-editor\" data-id=\"59641d5\" data-element_type=\"widget\" data-widget_type=\"text-editor.default\">\n\t\t\t\t<div class=\"elementor-widget-container\">\n\t\t\t\t\t\t\t<p>Ingredientes para 4 personas<\/p>\n\t\t\t\t\t\t<\/div>\n\t\t\t\t<\/div>\n\t\t\t\t<div class=\"elementor-element elementor-element-9e32783 elementor-widget__width-initial elementor-widget elementor-widget-text-editor\" data-id=\"9e32783\" data-element_type=\"widget\" data-widget_type=\"text-editor.default\">\n\t\t\t\t<div class=\"elementor-widget-container\">\n\t\t\t\t\t\t\t<p>1 kg of carrots<br \/>200 g of extra virgin olive oil<br \/>150 ml of white vinegar<br \/>90 g of white sugar<br \/>30 g of Carmencita parsley<br \/>20 g of Carmencita chopped garlic<br \/>20 g of fresh mint or peppermin<br \/>10 g of Carmencita fine salt <br \/>2 g of Carmencita whole black peppercorns<\/p>\n\t\t\t\t\t\t<\/div>\n\t\t\t\t<\/div>\n\t\t\t\t<div class=\"elementor-element elementor-element-2accb7d elementor-widget elementor-widget-text-editor\" data-id=\"2accb7d\" data-element_type=\"widget\" data-widget_type=\"text-editor.default\">\n\t\t\t\t<div class=\"elementor-widget-container\">\n\t\t\t\t\t\t\t<p>Preparation<\/p>\n\t\t\t\t\t\t<\/div>\n\t\t\t\t<\/div>\n\t\t\t\t<div class=\"elementor-element elementor-element-5fbf11d elementor-widget__width-initial elementor-widget elementor-widget-text-editor\" data-id=\"5fbf11d\" data-element_type=\"widget\" data-widget_type=\"text-editor.default\">\n\t\t\t\t<div class=\"elementor-widget-container\">\n\t\t\t\t\t\t\t<ul>\n<li>have the carrots in fine 0.3 mm thick strips and mix them with the salt, garlic, pepper and chopped peppermint.<\/li>\n<li>Marinate for 20 minutes.<\/li>\n<li>Mix the sugar and vinegar and, then, add the carrots to the mix. Allow to soak for 24 hours.<\/li>\n<li>Keep it in the extra virgin olive oil.<\/li>\n<\/ul>\n\t\t\t\t\t\t<\/div>\n\t\t\t\t<\/div>\n\t\t\t\t\t<\/div>\n\t\t<\/div>\n\t\t\t\t\t<\/div>\n\t\t<\/section>\n\t\t\t\t<section class=\"elementor-section elementor-top-section elementor-element elementor-element-59c6a77 elementor-section-boxed elementor-section-height-default elementor-section-height-default\" data-id=\"59c6a77\" data-element_type=\"section\">\n\t\t\t\t\t\t<div class=\"elementor-container elementor-column-gap-default\">\n\t\t\t\t\t<div class=\"elementor-column elementor-col-100 elementor-top-column elementor-element elementor-element-04066d0\" data-id=\"04066d0\" data-element_type=\"column\">\n\t\t\t<div class=\"elementor-widget-wrap elementor-element-populated\">\n\t\t\t\t\t\t<div class=\"elementor-element elementor-element-8804f9a elementor-widget elementor-widget-template\" data-id=\"8804f9a\" data-element_type=\"widget\" data-widget_type=\"template.default\">\n\t\t\t\t<div class=\"elementor-widget-container\">\n\t\t\t\t\t<div class=\"elementor-template\">\n\t\t\t\t\t<div data-elementor-type=\"page\" data-elementor-id=\"28472\" class=\"elementor elementor-28472\" data-elementor-post-type=\"elementor_library\">\n\t\t\t\t\t\t<section class=\"elementor-section elementor-top-section elementor-element elementor-element-4df000b elementor-section-boxed elementor-section-height-default elementor-section-height-default\" data-id=\"4df000b\" data-element_type=\"section\">\n\t\t\t\t\t\t<div class=\"elementor-container elementor-column-gap-default\">\n\t\t\t\t\t<div class=\"elementor-column elementor-col-100 elementor-top-column elementor-element elementor-element-ecc16bf\" data-id=\"ecc16bf\" data-element_type=\"column\">\n\t\t\t<div class=\"elementor-widget-wrap elementor-element-populated\">\n\t\t\t\t\t\t<div class=\"elementor-element elementor-element-5a3401f elementor-widget elementor-widget-spacer\" data-id=\"5a3401f\" data-element_type=\"widget\" data-widget_type=\"spacer.default\">\n\t\t\t\t<div class=\"elementor-widget-container\">\n\t\t\t\t\t<div class=\"elementor-spacer\">\n\t\t\t<div class=\"elementor-spacer-inner\"><\/div>\n\t\t<\/div>\n\t\t\t\t<\/div>\n\t\t\t\t<\/div>\n\t\t\t\t\t<\/div>\n\t\t<\/div>\n\t\t\t\t\t<\/div>\n\t\t<\/section>\n\t\t\t\t<\/div>\n\t\t\t\t<\/div>\n\t\t\t\t<\/div>\n\t\t\t\t<\/div>\n\t\t\t\t\t<\/div>\n\t\t<\/div>\n\t\t\t\t\t<\/div>\n\t\t<\/section>\n\t\t\t\t<\/div>\n\t\t","protected":false},"excerpt":{"rendered":"<p>Mar\u00eda Jos\u00e9 San Rom\u00e1n Monastrell (Alicante) Carrots pickled withpeppermint With parsley, peppermint,salt and whole pepper Preparation have the carrots in fine 0.3 mm thick strips and mix them with the salt, garlic, pepper and chopped peppermint. Marinate for 20 minutes. Mix the sugar and vinegar and, then, add the carrots to the mix. Allow to [&hellip;]<\/p>\n","protected":false},"author":2,"featured_media":0,"parent":44555,"menu_order":0,"comment_status":"closed","ping_status":"closed","template":"elementor_header_footer","meta":{"_acf_changed":false,"inline_featured_image":false,"footnotes":""},"class_list":["post-44577","page","type-page","status-publish","hentry"],"acf":[],"yoast_head":"<!-- This site is optimized with the Yoast SEO plugin v27.5 - https:\/\/yoast.com\/product\/yoast-seo-wordpress\/ -->\n<title>Carrot with mint pickles<\/title>\n<meta name=\"robots\" content=\"index, follow, max-snippet:-1, max-image-preview:large, max-video-preview:-1\" \/>\n<link rel=\"canonical\" href=\"https:\/\/carmencita.com\/en\/recipes\/carrot-with-mint-pickles\/\" \/>\n<meta property=\"og:locale\" content=\"en_US\" \/>\n<meta property=\"og:type\" content=\"article\" \/>\n<meta property=\"og:title\" content=\"Carrot with mint pickles\" \/>\n<meta property=\"og:description\" content=\"Mar\u00eda Jos\u00e9 San Rom\u00e1n Monastrell (Alicante) Carrots pickled withpeppermint With parsley, peppermint,salt and whole pepper Preparation have the carrots in fine 0.3 mm thick strips and mix them with the salt, garlic, pepper and chopped peppermint. Marinate for 20 minutes. Mix the sugar and vinegar and, then, add the carrots to the mix. Allow to [&hellip;]\" \/>\n<meta property=\"og:url\" content=\"https:\/\/carmencita.com\/en\/recipes\/carrot-with-mint-pickles\/\" \/>\n<meta property=\"og:site_name\" content=\"Carmencita\" \/>\n<meta property=\"article:publisher\" content=\"https:\/\/www.facebook.com\/especias.carmencita\/\" \/>\n<meta property=\"article:modified_time\" content=\"2023-10-24T20:53:17+00:00\" \/>\n<meta property=\"og:image\" content=\"https:\/\/carmencita.com\/wp-content\/uploads\/abespeciario\/Grupo-575@2x.jpg\" \/>\n<meta name=\"twitter:card\" content=\"summary_large_image\" \/>\n<meta name=\"twitter:site\" content=\"@carmencitaspice\" \/>\n<script type=\"application\/ld+json\" class=\"yoast-schema-graph\">{\"@context\":\"https:\\\/\\\/schema.org\",\"@graph\":[{\"@type\":\"WebPage\",\"@id\":\"https:\\\/\\\/carmencita.com\\\/en\\\/recipes\\\/carrot-with-mint-pickles\\\/\",\"url\":\"https:\\\/\\\/carmencita.com\\\/en\\\/recipes\\\/carrot-with-mint-pickles\\\/\",\"name\":\"Carrot with mint pickles\",\"isPartOf\":{\"@id\":\"https:\\\/\\\/carmencita.com\\\/en\\\/#website\"},\"primaryImageOfPage\":{\"@id\":\"https:\\\/\\\/carmencita.com\\\/en\\\/recipes\\\/carrot-with-mint-pickles\\\/#primaryimage\"},\"image\":{\"@id\":\"https:\\\/\\\/carmencita.com\\\/en\\\/recipes\\\/carrot-with-mint-pickles\\\/#primaryimage\"},\"thumbnailUrl\":\"https:\\\/\\\/carmencita.com\\\/wp-content\\\/uploads\\\/abespeciario\\\/Grupo-575@2x.jpg\",\"datePublished\":\"2020-10-22T15:13:17+00:00\",\"dateModified\":\"2023-10-24T20:53:17+00:00\",\"breadcrumb\":{\"@id\":\"https:\\\/\\\/carmencita.com\\\/en\\\/recipes\\\/carrot-with-mint-pickles\\\/#breadcrumb\"},\"inLanguage\":\"en-US\",\"potentialAction\":[{\"@type\":\"ReadAction\",\"target\":[\"https:\\\/\\\/carmencita.com\\\/en\\\/recipes\\\/carrot-with-mint-pickles\\\/\"]}]},{\"@type\":\"ImageObject\",\"inLanguage\":\"en-US\",\"@id\":\"https:\\\/\\\/carmencita.com\\\/en\\\/recipes\\\/carrot-with-mint-pickles\\\/#primaryimage\",\"url\":\"https:\\\/\\\/carmencita.com\\\/wp-content\\\/uploads\\\/abespeciario\\\/Grupo-575@2x.jpg\",\"contentUrl\":\"https:\\\/\\\/carmencita.com\\\/wp-content\\\/uploads\\\/abespeciario\\\/Grupo-575@2x.jpg\"},{\"@type\":\"BreadcrumbList\",\"@id\":\"https:\\\/\\\/carmencita.com\\\/en\\\/recipes\\\/carrot-with-mint-pickles\\\/#breadcrumb\",\"itemListElement\":[{\"@type\":\"ListItem\",\"position\":1,\"name\":\"Carmencita\",\"item\":\"https:\\\/\\\/carmencita.com\\\/en\\\/\"},{\"@type\":\"ListItem\",\"position\":2,\"name\":\"Recipes\",\"item\":\"https:\\\/\\\/carmencita.com\\\/en\\\/recipes\\\/\"},{\"@type\":\"ListItem\",\"position\":3,\"name\":\"Carrot with mint pickles\"}]},{\"@type\":\"WebSite\",\"@id\":\"https:\\\/\\\/carmencita.com\\\/en\\\/#website\",\"url\":\"https:\\\/\\\/carmencita.com\\\/en\\\/\",\"name\":\"Carmencita\",\"description\":\"Cien a\u00f1os dando sabor y color a tu vida\",\"potentialAction\":[{\"@type\":\"SearchAction\",\"target\":{\"@type\":\"EntryPoint\",\"urlTemplate\":\"https:\\\/\\\/carmencita.com\\\/en\\\/?s={search_term_string}\"},\"query-input\":{\"@type\":\"PropertyValueSpecification\",\"valueRequired\":true,\"valueName\":\"search_term_string\"}}],\"inLanguage\":\"en-US\"}]}<\/script>\n<!-- \/ Yoast SEO plugin. -->","yoast_head_json":{"title":"Carrot with mint pickles","robots":{"index":"index","follow":"follow","max-snippet":"max-snippet:-1","max-image-preview":"max-image-preview:large","max-video-preview":"max-video-preview:-1"},"canonical":"https:\/\/carmencita.com\/en\/recipes\/carrot-with-mint-pickles\/","og_locale":"en_US","og_type":"article","og_title":"Carrot with mint pickles","og_description":"Mar\u00eda Jos\u00e9 San Rom\u00e1n Monastrell (Alicante) Carrots pickled withpeppermint With parsley, peppermint,salt and whole pepper Preparation have the carrots in fine 0.3 mm thick strips and mix them with the salt, garlic, pepper and chopped peppermint. Marinate for 20 minutes. Mix the sugar and vinegar and, then, add the carrots to the mix. Allow to [&hellip;]","og_url":"https:\/\/carmencita.com\/en\/recipes\/carrot-with-mint-pickles\/","og_site_name":"Carmencita","article_publisher":"https:\/\/www.facebook.com\/especias.carmencita\/","article_modified_time":"2023-10-24T20:53:17+00:00","og_image":[{"url":"https:\/\/carmencita.com\/wp-content\/uploads\/abespeciario\/Grupo-575@2x.jpg","type":"","width":"","height":""}],"twitter_card":"summary_large_image","twitter_site":"@carmencitaspice","schema":{"@context":"https:\/\/schema.org","@graph":[{"@type":"WebPage","@id":"https:\/\/carmencita.com\/en\/recipes\/carrot-with-mint-pickles\/","url":"https:\/\/carmencita.com\/en\/recipes\/carrot-with-mint-pickles\/","name":"Carrot with mint pickles","isPartOf":{"@id":"https:\/\/carmencita.com\/en\/#website"},"primaryImageOfPage":{"@id":"https:\/\/carmencita.com\/en\/recipes\/carrot-with-mint-pickles\/#primaryimage"},"image":{"@id":"https:\/\/carmencita.com\/en\/recipes\/carrot-with-mint-pickles\/#primaryimage"},"thumbnailUrl":"https:\/\/carmencita.com\/wp-content\/uploads\/abespeciario\/Grupo-575@2x.jpg","datePublished":"2020-10-22T15:13:17+00:00","dateModified":"2023-10-24T20:53:17+00:00","breadcrumb":{"@id":"https:\/\/carmencita.com\/en\/recipes\/carrot-with-mint-pickles\/#breadcrumb"},"inLanguage":"en-US","potentialAction":[{"@type":"ReadAction","target":["https:\/\/carmencita.com\/en\/recipes\/carrot-with-mint-pickles\/"]}]},{"@type":"ImageObject","inLanguage":"en-US","@id":"https:\/\/carmencita.com\/en\/recipes\/carrot-with-mint-pickles\/#primaryimage","url":"https:\/\/carmencita.com\/wp-content\/uploads\/abespeciario\/Grupo-575@2x.jpg","contentUrl":"https:\/\/carmencita.com\/wp-content\/uploads\/abespeciario\/Grupo-575@2x.jpg"},{"@type":"BreadcrumbList","@id":"https:\/\/carmencita.com\/en\/recipes\/carrot-with-mint-pickles\/#breadcrumb","itemListElement":[{"@type":"ListItem","position":1,"name":"Carmencita","item":"https:\/\/carmencita.com\/en\/"},{"@type":"ListItem","position":2,"name":"Recipes","item":"https:\/\/carmencita.com\/en\/recipes\/"},{"@type":"ListItem","position":3,"name":"Carrot with mint pickles"}]},{"@type":"WebSite","@id":"https:\/\/carmencita.com\/en\/#website","url":"https:\/\/carmencita.com\/en\/","name":"Carmencita","description":"Cien a\u00f1os dando sabor y color a tu vida","potentialAction":[{"@type":"SearchAction","target":{"@type":"EntryPoint","urlTemplate":"https:\/\/carmencita.com\/en\/?s={search_term_string}"},"query-input":{"@type":"PropertyValueSpecification","valueRequired":true,"valueName":"search_term_string"}}],"inLanguage":"en-US"}]}},"_links":{"self":[{"href":"https:\/\/carmencita.com\/en\/wp-json\/wp\/v2\/pages\/44577","targetHints":{"allow":["GET"]}}],"collection":[{"href":"https:\/\/carmencita.com\/en\/wp-json\/wp\/v2\/pages"}],"about":[{"href":"https:\/\/carmencita.com\/en\/wp-json\/wp\/v2\/types\/page"}],"author":[{"embeddable":true,"href":"https:\/\/carmencita.com\/en\/wp-json\/wp\/v2\/users\/2"}],"replies":[{"embeddable":true,"href":"https:\/\/carmencita.com\/en\/wp-json\/wp\/v2\/comments?post=44577"}],"version-history":[{"count":0,"href":"https:\/\/carmencita.com\/en\/wp-json\/wp\/v2\/pages\/44577\/revisions"}],"up":[{"embeddable":true,"href":"https:\/\/carmencita.com\/en\/wp-json\/wp\/v2\/pages\/44555"}],"wp:attachment":[{"href":"https:\/\/carmencita.com\/en\/wp-json\/wp\/v2\/media?parent=44577"}],"curies":[{"name":"wp","href":"https:\/\/api.w.org\/{rel}","templated":true}]}}