{"id":44578,"date":"2020-10-26T15:43:08","date_gmt":"2020-10-26T14:43:08","guid":{"rendered":"https:\/\/carmencita2.dev3dids.com\/recetas\/rebozuelos-con-emulsion-de-esparragos-verdes-aove-de-arbequina-wakame-y-lentejas-crujientes\/"},"modified":"2023-10-24T22:56:17","modified_gmt":"2023-10-24T20:56:17","slug":"chanterelle-with-asparagus-emulsion","status":"publish","type":"page","link":"https:\/\/carmencita.com\/en\/recipes\/chanterelle-with-asparagus-emulsion\/","title":{"rendered":"Chanterelle with asparagus emulsion"},"content":{"rendered":"\t\t<div data-elementor-type=\"wp-page\" data-elementor-id=\"44578\" class=\"elementor elementor-44578 elementor-17021\" data-elementor-post-type=\"page\">\n\t\t\t\t\t\t<section class=\"elementor-section elementor-top-section elementor-element elementor-element-321841f elementor-section-boxed elementor-section-height-default elementor-section-height-default\" data-id=\"321841f\" data-element_type=\"section\">\n\t\t\t\t\t\t<div class=\"elementor-container elementor-column-gap-no\">\n\t\t\t\t\t<div class=\"elementor-column elementor-col-100 elementor-top-column elementor-element elementor-element-701667c\" data-id=\"701667c\" data-element_type=\"column\">\n\t\t\t<div class=\"elementor-widget-wrap elementor-element-populated\">\n\t\t\t\t\t\t<div class=\"elementor-element elementor-element-b25e9fe elementor-widget elementor-widget-image\" data-id=\"b25e9fe\" data-element_type=\"widget\" data-widget_type=\"image.default\">\n\t\t\t\t<div class=\"elementor-widget-container\">\n\t\t\t\t\t\t\t\t\t\t\t\t\t<img fetchpriority=\"high\" decoding=\"async\" width=\"2560\" height=\"1188\" src=\"https:\/\/carmencita.com\/wp-content\/uploads\/abespeciario\/Recetas_Maria_Jose_San_Roman_21@2x-scaled-1.jpg\" class=\"attachment-full size-full wp-image-45112\" alt=\"\" srcset=\"https:\/\/carmencita.com\/wp-content\/uploads\/abespeciario\/Recetas_Maria_Jose_San_Roman_21@2x-scaled-1.jpg 2560w, https:\/\/carmencita.com\/wp-content\/uploads\/abespeciario\/Recetas_Maria_Jose_San_Roman_21@2x-scaled-1-300x139.jpg 300w, https:\/\/carmencita.com\/wp-content\/uploads\/abespeciario\/Recetas_Maria_Jose_San_Roman_21@2x-scaled-1-1024x475.jpg 1024w, https:\/\/carmencita.com\/wp-content\/uploads\/abespeciario\/Recetas_Maria_Jose_San_Roman_21@2x-scaled-1-768x356.jpg 768w, https:\/\/carmencita.com\/wp-content\/uploads\/abespeciario\/Recetas_Maria_Jose_San_Roman_21@2x-scaled-1-1536x713.jpg 1536w, https:\/\/carmencita.com\/wp-content\/uploads\/abespeciario\/Recetas_Maria_Jose_San_Roman_21@2x-scaled-1-2048x950.jpg 2048w\" sizes=\"(max-width: 2560px) 100vw, 2560px\" \/>\t\t\t\t\t\t\t\t\t\t\t\t\t<\/div>\n\t\t\t\t<\/div>\n\t\t\t\t\t<\/div>\n\t\t<\/div>\n\t\t\t\t\t<\/div>\n\t\t<\/section>\n\t\t\t\t<section class=\"elementor-section elementor-top-section elementor-element elementor-element-15513c5 elementor-section-boxed elementor-section-height-default elementor-section-height-default\" data-id=\"15513c5\" data-element_type=\"section\">\n\t\t\t\t\t\t<div class=\"elementor-container elementor-column-gap-no\">\n\t\t\t\t\t<div class=\"elementor-column elementor-col-50 elementor-top-column elementor-element elementor-element-5326339\" data-id=\"5326339\" data-element_type=\"column\">\n\t\t\t<div class=\"elementor-widget-wrap elementor-element-populated\">\n\t\t\t\t\t\t<div class=\"elementor-element elementor-element-505e2e2 elementor-widget__width-auto elementor-widget elementor-widget-image\" data-id=\"505e2e2\" data-element_type=\"widget\" data-widget_type=\"image.default\">\n\t\t\t\t<div class=\"elementor-widget-container\">\n\t\t\t\t\t\t\t\t\t\t\t\t\t<img decoding=\"async\" width=\"231\" height=\"149\" src=\"https:\/\/carmencita.com\/wp-content\/uploads\/2020\/09\/100_Laurel@2x.png\" class=\"attachment-large size-large wp-image-40154\" alt=\"\" \/>\t\t\t\t\t\t\t\t\t\t\t\t\t<\/div>\n\t\t\t\t<\/div>\n\t\t\t\t<div class=\"elementor-element elementor-element-647714c elementor-widget__width-auto elementor-widget elementor-widget-text-editor\" data-id=\"647714c\" data-element_type=\"widget\" data-widget_type=\"text-editor.default\">\n\t\t\t\t<div class=\"elementor-widget-container\">\n\t\t\t\t\t\t\t<p>A hundred years of cooking with spices<\/p>\n\t\t\t\t\t\t<\/div>\n\t\t\t\t<\/div>\n\t\t\t\t<div class=\"elementor-element elementor-element-fe3ef39 elementor-widget-divider--view-line elementor-widget elementor-widget-divider\" data-id=\"fe3ef39\" data-element_type=\"widget\" data-widget_type=\"divider.default\">\n\t\t\t\t<div class=\"elementor-widget-container\">\n\t\t\t\t\t<div class=\"elementor-divider\">\n\t\t\t<span class=\"elementor-divider-separator\">\n\t\t\t\t\t\t<\/span>\n\t\t<\/div>\n\t\t\t\t<\/div>\n\t\t\t\t<\/div>\n\t\t\t\t<div class=\"elementor-element elementor-element-7af0bfc elementor-widget elementor-widget-text-editor\" data-id=\"7af0bfc\" data-element_type=\"widget\" data-widget_type=\"text-editor.default\">\n\t\t\t\t<div class=\"elementor-widget-container\">\n\t\t\t\t\t\t\t<p><span style=\"font-size: 25px;\">Mar\u00eda Jos\u00e9 San Rom\u00e1n<\/span><\/p>\n\t\t\t\t\t\t<\/div>\n\t\t\t\t<\/div>\n\t\t\t\t<div class=\"elementor-element elementor-element-8f87541 elementor-widget elementor-widget-text-editor\" data-id=\"8f87541\" data-element_type=\"widget\" data-widget_type=\"text-editor.default\">\n\t\t\t\t<div class=\"elementor-widget-container\">\n\t\t\t\t\t\t\t<p>Monastrell ( Alicante )<\/p>\n\t\t\t\t\t\t<\/div>\n\t\t\t\t<\/div>\n\t\t\t\t<div class=\"elementor-element elementor-element-37f1678 elementor-widget elementor-widget-heading\" data-id=\"37f1678\" data-element_type=\"widget\" data-widget_type=\"heading.default\">\n\t\t\t\t<div class=\"elementor-widget-container\">\n\t\t\t<h2 class=\"elementor-heading-title elementor-size-default\">Chanterelle <br>\nwith asparagus<br>\nemulsion<\/h2>\t\t<\/div>\n\t\t\t\t<\/div>\n\t\t\t\t<div class=\"elementor-element elementor-element-c04e86f elementor-widget elementor-widget-text-editor\" data-id=\"c04e86f\" data-element_type=\"widget\" data-widget_type=\"text-editor.default\">\n\t\t\t\t<div class=\"elementor-widget-container\">\n\t\t\t\t\t\t\t<p>With salt<\/p>\n\t\t\t\t\t\t<\/div>\n\t\t\t\t<\/div>\n\t\t\t\t<div class=\"elementor-element elementor-element-4e43337 elementor-widget elementor-widget-image\" data-id=\"4e43337\" data-element_type=\"widget\" data-widget_type=\"image.default\">\n\t\t\t\t<div class=\"elementor-widget-container\">\n\t\t\t\t\t\t\t\t\t\t\t\t\t<img decoding=\"async\" width=\"150\" height=\"85\" src=\"https:\/\/carmencita.com\/wp-content\/uploads\/abespeciario\/Grupo-578@2x.jpg\" class=\"attachment-full size-full wp-image-45114\" alt=\"\" \/>\t\t\t\t\t\t\t\t\t\t\t\t\t<\/div>\n\t\t\t\t<\/div>\n\t\t\t\t<div class=\"elementor-element elementor-element-705d71f elementor-widget elementor-widget-text-editor\" data-id=\"705d71f\" data-element_type=\"widget\" data-widget_type=\"text-editor.default\">\n\t\t\t\t<div class=\"elementor-widget-container\">\n\t\t\t\t\t\t\t<p>Ingredients for 4 people<\/p>\n\t\t\t\t\t\t<\/div>\n\t\t\t\t<\/div>\n\t\t\t\t<div class=\"elementor-element elementor-element-2251be3 elementor-widget__width-initial elementor-widget elementor-widget-text-editor\" data-id=\"2251be3\" data-element_type=\"widget\" data-widget_type=\"text-editor.default\">\n\t\t\t\t<div class=\"elementor-widget-container\">\n\t\t\t\t\t\t\t<p>75 g of green asparagus emulsion (see recipe)<br \/>32 g of Chanterelle mushrooms (<em>Cantharellus cibarius<\/em>)<br \/>10 g of fried lentils (see recipe)<br \/>3 g of <em>raifort<\/em> (horseradish)<br \/>3 g of crisp wakame (see recipe)<br \/>1 g of coffee grounds<\/p>\n<p><strong>For the crisp wakame:<\/strong><br \/>1 kg of dehydrated wakame<br \/>250 g of extra virgin olive oil<\/p>\n\t\t\t\t\t\t<\/div>\n\t\t\t\t<\/div>\n\t\t\t\t<div class=\"elementor-element elementor-element-e88f837 elementor-widget__width-initial elementor-widget elementor-widget-text-editor\" data-id=\"e88f837\" data-element_type=\"widget\" data-widget_type=\"text-editor.default\">\n\t\t\t\t<div class=\"elementor-widget-container\">\n\t\t\t\t\t\t\t<p><strong>For the asparagus emulsion:<\/strong><br \/>450 g of wild asparagus<br \/>300 g of extra virgin olive oil<br \/>30 ml de apple vinegar<br \/>3 g of Carmencita fine salt<br \/>2 g of spirulina powder<br \/>g of xanthan gum<\/p>\n<p><strong>For the fried lentils:<\/strong><br \/>1 kg of pardina lentils<br \/>250 g of extra virgin olive oil<br \/>5 g of Carmencita fine salt<\/p>\n\t\t\t\t\t\t<\/div>\n\t\t\t\t<\/div>\n\t\t\t\t\t<\/div>\n\t\t<\/div>\n\t\t\t\t<div class=\"elementor-column elementor-col-50 elementor-top-column elementor-element elementor-element-ee89e84\" data-id=\"ee89e84\" data-element_type=\"column\">\n\t\t\t<div class=\"elementor-widget-wrap elementor-element-populated\">\n\t\t\t\t\t\t<div class=\"elementor-element elementor-element-d01a41a elementor-widget elementor-widget-text-editor\" data-id=\"d01a41a\" data-element_type=\"widget\" data-widget_type=\"text-editor.default\">\n\t\t\t\t<div class=\"elementor-widget-container\">\n\t\t\t\t\t\t\t<p>Preparation<\/p>\n\t\t\t\t\t\t<\/div>\n\t\t\t\t<\/div>\n\t\t\t\t<div class=\"elementor-element elementor-element-bd37810 elementor-widget__width-initial elementor-widget elementor-widget-text-editor\" data-id=\"bd37810\" data-element_type=\"widget\" data-widget_type=\"text-editor.default\">\n\t\t\t\t<div class=\"elementor-widget-container\">\n\t\t\t\t\t\t\t<ul>\n<li>Clean the chanterelles, cook them in the oil at 160 \u00b0C and drain them.<\/li>\n<li>Spread the emulsion out on the bottom of the plate and,<br \/>then, share out the chanterelles, lentils,<br \/>wakame and the <em>raifort<\/em>.<\/li>\n<li>Sprinkle with coffee grounds.<\/li>\n<\/ul>\n\t\t\t\t\t\t<\/div>\n\t\t\t\t<\/div>\n\t\t\t\t<div class=\"elementor-element elementor-element-37621cb elementor-widget__width-initial elementor-widget elementor-widget-text-editor\" data-id=\"37621cb\" data-element_type=\"widget\" data-widget_type=\"text-editor.default\">\n\t\t\t\t<div class=\"elementor-widget-container\">\n\t\t\t\t\t\t\t<p><strong> <\/strong><\/p>\n<p><strong>For the asparagus emulsion:<\/strong><\/p>\n\t\t\t\t\t\t<\/div>\n\t\t\t\t<\/div>\n\t\t\t\t<div class=\"elementor-element elementor-element-0b2ea30 elementor-widget__width-initial elementor-widget elementor-widget-text-editor\" data-id=\"0b2ea30\" data-element_type=\"widget\" data-widget_type=\"text-editor.default\">\n\t\t\t\t<div class=\"elementor-widget-container\">\n\t\t\t\t\t\t\t<ul>\n<li>Cook the asparagus in salt water and then cool them in water with ice. Later, drain them.<\/li>\n<li>Triturate the asparagus in a Thermomix with the spirulina, vinegar, salt and xanthan gum, at the same time as you add oil little by little. Reserve.<\/li>\n<\/ul>\n\t\t\t\t\t\t<\/div>\n\t\t\t\t<\/div>\n\t\t\t\t<div class=\"elementor-element elementor-element-0374c07 elementor-widget__width-initial elementor-widget elementor-widget-text-editor\" data-id=\"0374c07\" data-element_type=\"widget\" data-widget_type=\"text-editor.default\">\n\t\t\t\t<div class=\"elementor-widget-container\">\n\t\t\t\t\t\t\t<p><strong> <\/strong><\/p>\n<p><strong>For the fried lentils:<\/strong><\/p>\n\t\t\t\t\t\t<\/div>\n\t\t\t\t<\/div>\n\t\t\t\t<div class=\"elementor-element elementor-element-b757317 elementor-widget__width-initial elementor-widget elementor-widget-text-editor\" data-id=\"b757317\" data-element_type=\"widget\" data-widget_type=\"text-editor.default\">\n\t\t\t\t<div class=\"elementor-widget-container\">\n\t\t\t\t\t\t\t<ul>\n<li>Soak the lentils in water at room temperature for 6 hours. Drain them.<\/li>\n<li>Fry them at 170 \u00b0C for 1 minute. Leave them on absorbent paper for 15 minutes and later salt them.<\/li>\n<li>Reserve the lentils in an airtight container at room temperature.<\/li>\n<\/ul>\n\t\t\t\t\t\t<\/div>\n\t\t\t\t<\/div>\n\t\t\t\t<div class=\"elementor-element elementor-element-5148f5c elementor-widget__width-initial elementor-widget elementor-widget-text-editor\" data-id=\"5148f5c\" data-element_type=\"widget\" data-widget_type=\"text-editor.default\">\n\t\t\t\t<div class=\"elementor-widget-container\">\n\t\t\t\t\t\t\t<p><strong> <\/strong><\/p>\n<p><strong>For the crisp wakame:<\/strong><\/p>\n\t\t\t\t\t\t<\/div>\n\t\t\t\t<\/div>\n\t\t\t\t<div class=\"elementor-element elementor-element-e9480a1 elementor-widget__width-initial elementor-widget elementor-widget-text-editor\" data-id=\"e9480a1\" data-element_type=\"widget\" data-widget_type=\"text-editor.default\">\n\t\t\t\t<div class=\"elementor-widget-container\">\n\t\t\t\t\t\t\t<ul>\n<li>Fry the wakame with oil at 180 \u00b0C for a few seconds and then, drain and leave them on absorbent paper for a few minutes.<\/li>\n<li>Reserve at room temperature.<\/li>\n<\/ul>\n\t\t\t\t\t\t<\/div>\n\t\t\t\t<\/div>\n\t\t\t\t\t<\/div>\n\t\t<\/div>\n\t\t\t\t\t<\/div>\n\t\t<\/section>\n\t\t\t\t<section class=\"elementor-section elementor-top-section elementor-element elementor-element-4aab5a4 elementor-section-boxed elementor-section-height-default elementor-section-height-default\" data-id=\"4aab5a4\" data-element_type=\"section\">\n\t\t\t\t\t\t<div class=\"elementor-container elementor-column-gap-default\">\n\t\t\t\t\t<div class=\"elementor-column elementor-col-100 elementor-top-column elementor-element elementor-element-f2c5f27\" data-id=\"f2c5f27\" data-element_type=\"column\">\n\t\t\t<div class=\"elementor-widget-wrap elementor-element-populated\">\n\t\t\t\t\t\t<div class=\"elementor-element elementor-element-cf9b6ce elementor-widget elementor-widget-template\" data-id=\"cf9b6ce\" data-element_type=\"widget\" data-widget_type=\"template.default\">\n\t\t\t\t<div class=\"elementor-widget-container\">\n\t\t\t\t\t<div class=\"elementor-template\">\n\t\t\t\t\t<div data-elementor-type=\"page\" data-elementor-id=\"28472\" class=\"elementor elementor-28472\" data-elementor-post-type=\"elementor_library\">\n\t\t\t\t\t\t<section class=\"elementor-section elementor-top-section elementor-element elementor-element-4df000b elementor-section-boxed elementor-section-height-default elementor-section-height-default\" data-id=\"4df000b\" data-element_type=\"section\">\n\t\t\t\t\t\t<div class=\"elementor-container elementor-column-gap-default\">\n\t\t\t\t\t<div class=\"elementor-column elementor-col-100 elementor-top-column elementor-element elementor-element-ecc16bf\" data-id=\"ecc16bf\" data-element_type=\"column\">\n\t\t\t<div class=\"elementor-widget-wrap elementor-element-populated\">\n\t\t\t\t\t\t<div class=\"elementor-element elementor-element-5a3401f elementor-widget elementor-widget-spacer\" data-id=\"5a3401f\" data-element_type=\"widget\" data-widget_type=\"spacer.default\">\n\t\t\t\t<div class=\"elementor-widget-container\">\n\t\t\t\t\t<div class=\"elementor-spacer\">\n\t\t\t<div class=\"elementor-spacer-inner\"><\/div>\n\t\t<\/div>\n\t\t\t\t<\/div>\n\t\t\t\t<\/div>\n\t\t\t\t\t<\/div>\n\t\t<\/div>\n\t\t\t\t\t<\/div>\n\t\t<\/section>\n\t\t\t\t<\/div>\n\t\t\t\t<\/div>\n\t\t\t\t<\/div>\n\t\t\t\t<\/div>\n\t\t\t\t\t<\/div>\n\t\t<\/div>\n\t\t\t\t\t<\/div>\n\t\t<\/section>\n\t\t\t\t<\/div>\n\t\t","protected":false},"excerpt":{"rendered":"<p>A hundred years of cooking with spices Mar\u00eda Jos\u00e9 San Rom\u00e1n Monastrell ( Alicante ) Chanterelle with asparagus emulsion With salt Ingredients for 4 people 75 g of green asparagus emulsion (see recipe)32 g of Chanterelle mushrooms (Cantharellus cibarius)10 g of fried lentils (see recipe)3 g of raifort (horseradish)3 g of crisp wakame (see recipe)1 [&hellip;]<\/p>\n","protected":false},"author":2,"featured_media":0,"parent":44555,"menu_order":0,"comment_status":"closed","ping_status":"closed","template":"elementor_header_footer","meta":{"_acf_changed":false,"inline_featured_image":false,"footnotes":""},"class_list":["post-44578","page","type-page","status-publish","hentry"],"acf":[],"yoast_head":"<!-- This site is optimized with the Yoast SEO plugin v27.2 - https:\/\/yoast.com\/product\/yoast-seo-wordpress\/ -->\n<title>Chanterelle with asparagus emulsion<\/title>\n<meta name=\"robots\" content=\"index, follow, max-snippet:-1, max-image-preview:large, max-video-preview:-1\" \/>\n<link rel=\"canonical\" href=\"https:\/\/carmencita.com\/en\/recipes\/chanterelle-with-asparagus-emulsion\/\" \/>\n<meta property=\"og:locale\" content=\"en_US\" \/>\n<meta property=\"og:type\" content=\"article\" \/>\n<meta property=\"og:title\" content=\"Chanterelle with asparagus emulsion\" \/>\n<meta property=\"og:description\" content=\"A hundred years of cooking with spices Mar\u00eda Jos\u00e9 San Rom\u00e1n Monastrell ( Alicante ) Chanterelle with asparagus emulsion With salt Ingredients for 4 people 75 g of green asparagus emulsion (see recipe)32 g of Chanterelle mushrooms (Cantharellus cibarius)10 g of fried lentils (see recipe)3 g of raifort (horseradish)3 g of crisp wakame (see recipe)1 [&hellip;]\" \/>\n<meta property=\"og:url\" content=\"https:\/\/carmencita.com\/en\/recipes\/chanterelle-with-asparagus-emulsion\/\" \/>\n<meta property=\"og:site_name\" content=\"Carmencita\" \/>\n<meta property=\"article:publisher\" content=\"https:\/\/www.facebook.com\/especias.carmencita\/\" \/>\n<meta property=\"article:modified_time\" content=\"2023-10-24T20:56:17+00:00\" \/>\n<meta property=\"og:image\" content=\"https:\/\/carmencita.com\/wp-content\/uploads\/abespeciario\/Recetas_Maria_Jose_San_Roman_21@2x-scaled-1.jpg\" \/>\n<meta name=\"twitter:card\" content=\"summary_large_image\" \/>\n<meta name=\"twitter:site\" content=\"@carmencitaspice\" \/>\n<script type=\"application\/ld+json\" class=\"yoast-schema-graph\">{\"@context\":\"https:\/\/schema.org\",\"@graph\":[{\"@type\":\"WebPage\",\"@id\":\"https:\/\/carmencita.com\/en\/recipes\/chanterelle-with-asparagus-emulsion\/\",\"url\":\"https:\/\/carmencita.com\/en\/recipes\/chanterelle-with-asparagus-emulsion\/\",\"name\":\"Chanterelle with asparagus emulsion\",\"isPartOf\":{\"@id\":\"https:\/\/carmencita.com\/en\/#website\"},\"primaryImageOfPage\":{\"@id\":\"https:\/\/carmencita.com\/en\/recipes\/chanterelle-with-asparagus-emulsion\/#primaryimage\"},\"image\":{\"@id\":\"https:\/\/carmencita.com\/en\/recipes\/chanterelle-with-asparagus-emulsion\/#primaryimage\"},\"thumbnailUrl\":\"https:\/\/carmencita.com\/wp-content\/uploads\/abespeciario\/Recetas_Maria_Jose_San_Roman_21@2x-scaled-1.jpg\",\"datePublished\":\"2020-10-26T14:43:08+00:00\",\"dateModified\":\"2023-10-24T20:56:17+00:00\",\"breadcrumb\":{\"@id\":\"https:\/\/carmencita.com\/en\/recipes\/chanterelle-with-asparagus-emulsion\/#breadcrumb\"},\"inLanguage\":\"en-US\",\"potentialAction\":[{\"@type\":\"ReadAction\",\"target\":[\"https:\/\/carmencita.com\/en\/recipes\/chanterelle-with-asparagus-emulsion\/\"]}]},{\"@type\":\"ImageObject\",\"inLanguage\":\"en-US\",\"@id\":\"https:\/\/carmencita.com\/en\/recipes\/chanterelle-with-asparagus-emulsion\/#primaryimage\",\"url\":\"https:\/\/carmencita.com\/wp-content\/uploads\/abespeciario\/Recetas_Maria_Jose_San_Roman_21@2x-scaled-1.jpg\",\"contentUrl\":\"https:\/\/carmencita.com\/wp-content\/uploads\/abespeciario\/Recetas_Maria_Jose_San_Roman_21@2x-scaled-1.jpg\"},{\"@type\":\"BreadcrumbList\",\"@id\":\"https:\/\/carmencita.com\/en\/recipes\/chanterelle-with-asparagus-emulsion\/#breadcrumb\",\"itemListElement\":[{\"@type\":\"ListItem\",\"position\":1,\"name\":\"Carmencita\",\"item\":\"https:\/\/carmencita.com\/en\/\"},{\"@type\":\"ListItem\",\"position\":2,\"name\":\"Recipes\",\"item\":\"https:\/\/carmencita.com\/en\/recipes\/\"},{\"@type\":\"ListItem\",\"position\":3,\"name\":\"Chanterelle with asparagus emulsion\"}]},{\"@type\":\"WebSite\",\"@id\":\"https:\/\/carmencita.com\/en\/#website\",\"url\":\"https:\/\/carmencita.com\/en\/\",\"name\":\"Carmencita\",\"description\":\"Cien a\u00f1os dando sabor y color a tu vida\",\"potentialAction\":[{\"@type\":\"SearchAction\",\"target\":{\"@type\":\"EntryPoint\",\"urlTemplate\":\"https:\/\/carmencita.com\/en\/?s={search_term_string}\"},\"query-input\":{\"@type\":\"PropertyValueSpecification\",\"valueRequired\":true,\"valueName\":\"search_term_string\"}}],\"inLanguage\":\"en-US\"}]}<\/script>\n<!-- \/ Yoast SEO plugin. -->","yoast_head_json":{"title":"Chanterelle with asparagus emulsion","robots":{"index":"index","follow":"follow","max-snippet":"max-snippet:-1","max-image-preview":"max-image-preview:large","max-video-preview":"max-video-preview:-1"},"canonical":"https:\/\/carmencita.com\/en\/recipes\/chanterelle-with-asparagus-emulsion\/","og_locale":"en_US","og_type":"article","og_title":"Chanterelle with asparagus emulsion","og_description":"A hundred years of cooking with spices Mar\u00eda Jos\u00e9 San Rom\u00e1n Monastrell ( Alicante ) Chanterelle with asparagus emulsion With salt Ingredients for 4 people 75 g of green asparagus emulsion (see recipe)32 g of Chanterelle mushrooms (Cantharellus cibarius)10 g of fried lentils (see recipe)3 g of raifort (horseradish)3 g of crisp wakame (see recipe)1 [&hellip;]","og_url":"https:\/\/carmencita.com\/en\/recipes\/chanterelle-with-asparagus-emulsion\/","og_site_name":"Carmencita","article_publisher":"https:\/\/www.facebook.com\/especias.carmencita\/","article_modified_time":"2023-10-24T20:56:17+00:00","og_image":[{"url":"https:\/\/carmencita.com\/wp-content\/uploads\/abespeciario\/Recetas_Maria_Jose_San_Roman_21@2x-scaled-1.jpg","type":"","width":"","height":""}],"twitter_card":"summary_large_image","twitter_site":"@carmencitaspice","schema":{"@context":"https:\/\/schema.org","@graph":[{"@type":"WebPage","@id":"https:\/\/carmencita.com\/en\/recipes\/chanterelle-with-asparagus-emulsion\/","url":"https:\/\/carmencita.com\/en\/recipes\/chanterelle-with-asparagus-emulsion\/","name":"Chanterelle with asparagus emulsion","isPartOf":{"@id":"https:\/\/carmencita.com\/en\/#website"},"primaryImageOfPage":{"@id":"https:\/\/carmencita.com\/en\/recipes\/chanterelle-with-asparagus-emulsion\/#primaryimage"},"image":{"@id":"https:\/\/carmencita.com\/en\/recipes\/chanterelle-with-asparagus-emulsion\/#primaryimage"},"thumbnailUrl":"https:\/\/carmencita.com\/wp-content\/uploads\/abespeciario\/Recetas_Maria_Jose_San_Roman_21@2x-scaled-1.jpg","datePublished":"2020-10-26T14:43:08+00:00","dateModified":"2023-10-24T20:56:17+00:00","breadcrumb":{"@id":"https:\/\/carmencita.com\/en\/recipes\/chanterelle-with-asparagus-emulsion\/#breadcrumb"},"inLanguage":"en-US","potentialAction":[{"@type":"ReadAction","target":["https:\/\/carmencita.com\/en\/recipes\/chanterelle-with-asparagus-emulsion\/"]}]},{"@type":"ImageObject","inLanguage":"en-US","@id":"https:\/\/carmencita.com\/en\/recipes\/chanterelle-with-asparagus-emulsion\/#primaryimage","url":"https:\/\/carmencita.com\/wp-content\/uploads\/abespeciario\/Recetas_Maria_Jose_San_Roman_21@2x-scaled-1.jpg","contentUrl":"https:\/\/carmencita.com\/wp-content\/uploads\/abespeciario\/Recetas_Maria_Jose_San_Roman_21@2x-scaled-1.jpg"},{"@type":"BreadcrumbList","@id":"https:\/\/carmencita.com\/en\/recipes\/chanterelle-with-asparagus-emulsion\/#breadcrumb","itemListElement":[{"@type":"ListItem","position":1,"name":"Carmencita","item":"https:\/\/carmencita.com\/en\/"},{"@type":"ListItem","position":2,"name":"Recipes","item":"https:\/\/carmencita.com\/en\/recipes\/"},{"@type":"ListItem","position":3,"name":"Chanterelle with asparagus emulsion"}]},{"@type":"WebSite","@id":"https:\/\/carmencita.com\/en\/#website","url":"https:\/\/carmencita.com\/en\/","name":"Carmencita","description":"Cien a\u00f1os dando sabor y color a tu vida","potentialAction":[{"@type":"SearchAction","target":{"@type":"EntryPoint","urlTemplate":"https:\/\/carmencita.com\/en\/?s={search_term_string}"},"query-input":{"@type":"PropertyValueSpecification","valueRequired":true,"valueName":"search_term_string"}}],"inLanguage":"en-US"}]}},"_links":{"self":[{"href":"https:\/\/carmencita.com\/en\/wp-json\/wp\/v2\/pages\/44578","targetHints":{"allow":["GET"]}}],"collection":[{"href":"https:\/\/carmencita.com\/en\/wp-json\/wp\/v2\/pages"}],"about":[{"href":"https:\/\/carmencita.com\/en\/wp-json\/wp\/v2\/types\/page"}],"author":[{"embeddable":true,"href":"https:\/\/carmencita.com\/en\/wp-json\/wp\/v2\/users\/2"}],"replies":[{"embeddable":true,"href":"https:\/\/carmencita.com\/en\/wp-json\/wp\/v2\/comments?post=44578"}],"version-history":[{"count":0,"href":"https:\/\/carmencita.com\/en\/wp-json\/wp\/v2\/pages\/44578\/revisions"}],"up":[{"embeddable":true,"href":"https:\/\/carmencita.com\/en\/wp-json\/wp\/v2\/pages\/44555"}],"wp:attachment":[{"href":"https:\/\/carmencita.com\/en\/wp-json\/wp\/v2\/media?parent=44578"}],"curies":[{"name":"wp","href":"https:\/\/api.w.org\/{rel}","templated":true}]}}