{"id":44579,"date":"2020-10-26T14:01:56","date_gmt":"2020-10-26T13:01:56","guid":{"rendered":"https:\/\/carmencita2.dev3dids.com\/recetas\/chicharron-de-tripa-de-bacalao-con-pericana\/"},"modified":"2023-10-24T22:54:13","modified_gmt":"2023-10-24T20:54:13","slug":"cod-maw-with-pericana","status":"publish","type":"page","link":"https:\/\/carmencita.com\/en\/recipes\/cod-maw-with-pericana\/","title":{"rendered":"Cod maw with pericana"},"content":{"rendered":"\t\t<div data-elementor-type=\"wp-page\" data-elementor-id=\"44579\" class=\"elementor elementor-44579 elementor-16738\" data-elementor-post-type=\"page\">\n\t\t\t\t\t\t<section class=\"elementor-section elementor-top-section elementor-element elementor-element-a422ea6 elementor-section-boxed elementor-section-height-default elementor-section-height-default\" data-id=\"a422ea6\" data-element_type=\"section\">\n\t\t\t\t\t\t<div class=\"elementor-container elementor-column-gap-no\">\n\t\t\t\t\t<div class=\"elementor-column elementor-col-50 elementor-top-column elementor-element elementor-element-502aac6 elementor-hidden-phone\" data-id=\"502aac6\" data-element_type=\"column\">\n\t\t\t<div class=\"elementor-widget-wrap\">\n\t\t\t\t\t\t\t<\/div>\n\t\t<\/div>\n\t\t\t\t<div class=\"elementor-column elementor-col-50 elementor-top-column elementor-element elementor-element-0fdddff\" data-id=\"0fdddff\" data-element_type=\"column\">\n\t\t\t<div class=\"elementor-widget-wrap elementor-element-populated\">\n\t\t\t\t\t\t<div class=\"elementor-element elementor-element-c69fc33 elementor-widget elementor-widget-image\" data-id=\"c69fc33\" data-element_type=\"widget\" data-widget_type=\"image.default\">\n\t\t\t\t<div class=\"elementor-widget-container\">\n\t\t\t\t\t\t\t\t\t\t\t\t\t<img fetchpriority=\"high\" decoding=\"async\" width=\"2556\" height=\"2560\" src=\"https:\/\/carmencita.com\/wp-content\/uploads\/abespeciario\/Enmascarar-grupo-2@2x-1-scaled-1.jpg\" class=\"attachment-full size-full wp-image-45098\" alt=\"\" srcset=\"https:\/\/carmencita.com\/wp-content\/uploads\/abespeciario\/Enmascarar-grupo-2@2x-1-scaled-1.jpg 2556w, https:\/\/carmencita.com\/wp-content\/uploads\/abespeciario\/Enmascarar-grupo-2@2x-1-scaled-1-300x300.jpg 300w, https:\/\/carmencita.com\/wp-content\/uploads\/abespeciario\/Enmascarar-grupo-2@2x-1-scaled-1-1022x1024.jpg 1022w, https:\/\/carmencita.com\/wp-content\/uploads\/abespeciario\/Enmascarar-grupo-2@2x-1-scaled-1-150x150.jpg 150w, https:\/\/carmencita.com\/wp-content\/uploads\/abespeciario\/Enmascarar-grupo-2@2x-1-scaled-1-768x769.jpg 768w, https:\/\/carmencita.com\/wp-content\/uploads\/abespeciario\/Enmascarar-grupo-2@2x-1-scaled-1-1534x1536.jpg 1534w, https:\/\/carmencita.com\/wp-content\/uploads\/abespeciario\/Enmascarar-grupo-2@2x-1-scaled-1-2045x2048.jpg 2045w\" sizes=\"(max-width: 2556px) 100vw, 2556px\" \/>\t\t\t\t\t\t\t\t\t\t\t\t\t<\/div>\n\t\t\t\t<\/div>\n\t\t\t\t\t<\/div>\n\t\t<\/div>\n\t\t\t\t\t<\/div>\n\t\t<\/section>\n\t\t\t\t<section class=\"elementor-section elementor-top-section elementor-element elementor-element-0f82e1f elementor-section-boxed elementor-section-height-default elementor-section-height-default\" data-id=\"0f82e1f\" data-element_type=\"section\">\n\t\t\t\t\t\t<div class=\"elementor-container elementor-column-gap-default\">\n\t\t\t\t\t<div class=\"elementor-column elementor-col-100 elementor-top-column elementor-element elementor-element-e45bd1b\" data-id=\"e45bd1b\" data-element_type=\"column\">\n\t\t\t<div class=\"elementor-widget-wrap elementor-element-populated\">\n\t\t\t\t\t\t<div class=\"elementor-element elementor-element-396eeda elementor-widget__width-auto elementor-widget-mobile__width-inherit elementor-widget elementor-widget-image\" data-id=\"396eeda\" data-element_type=\"widget\" data-widget_type=\"image.default\">\n\t\t\t\t<div class=\"elementor-widget-container\">\n\t\t\t\t\t\t\t\t\t\t\t\t\t<img decoding=\"async\" src=\"https:\/\/carmencita.com\/wp-content\/uploads\/2020\/09\/100_Laurel@2x.png\" title=\"100_Laurel@2x\" alt=\"100_Laurel@2x\" loading=\"lazy\" \/>\t\t\t\t\t\t\t\t\t\t\t\t\t<\/div>\n\t\t\t\t<\/div>\n\t\t\t\t<div class=\"elementor-element elementor-element-a1ea00f elementor-widget__width-auto elementor-widget-mobile__width-inherit elementor-widget elementor-widget-text-editor\" data-id=\"a1ea00f\" data-element_type=\"widget\" data-widget_type=\"text-editor.default\">\n\t\t\t\t<div class=\"elementor-widget-container\">\n\t\t\t\t\t\t\t<p>A hundred years of cooking with spices<\/p>\n\t\t\t\t\t\t<\/div>\n\t\t\t\t<\/div>\n\t\t\t\t<div class=\"elementor-element elementor-element-f22696d elementor-widget-divider--view-line elementor-widget elementor-widget-divider\" data-id=\"f22696d\" data-element_type=\"widget\" data-widget_type=\"divider.default\">\n\t\t\t\t<div class=\"elementor-widget-container\">\n\t\t\t\t\t<div class=\"elementor-divider\">\n\t\t\t<span class=\"elementor-divider-separator\">\n\t\t\t\t\t\t<\/span>\n\t\t<\/div>\n\t\t\t\t<\/div>\n\t\t\t\t<\/div>\n\t\t\t\t\t<\/div>\n\t\t<\/div>\n\t\t\t\t\t<\/div>\n\t\t<\/section>\n\t\t\t\t<section class=\"elementor-section elementor-top-section elementor-element elementor-element-c50687f elementor-section-boxed elementor-section-height-default elementor-section-height-default\" data-id=\"c50687f\" data-element_type=\"section\">\n\t\t\t\t\t\t<div class=\"elementor-container elementor-column-gap-no\">\n\t\t\t\t\t<div class=\"elementor-column elementor-col-33 elementor-top-column elementor-element elementor-element-f57583f\" data-id=\"f57583f\" data-element_type=\"column\">\n\t\t\t<div class=\"elementor-widget-wrap\">\n\t\t\t\t\t\t\t<\/div>\n\t\t<\/div>\n\t\t\t\t<div class=\"elementor-column elementor-col-33 elementor-top-column elementor-element elementor-element-1dc8605\" data-id=\"1dc8605\" data-element_type=\"column\">\n\t\t\t<div class=\"elementor-widget-wrap elementor-element-populated\">\n\t\t\t\t\t\t<div class=\"elementor-element elementor-element-bc236ca elementor-widget elementor-widget-text-editor\" data-id=\"bc236ca\" data-element_type=\"widget\" data-widget_type=\"text-editor.default\">\n\t\t\t\t<div class=\"elementor-widget-container\">\n\t\t\t\t\t\t\t<p>Mar\u00eda Jos\u00e9 San Rom\u00e1n<\/p>\n\t\t\t\t\t\t<\/div>\n\t\t\t\t<\/div>\n\t\t\t\t<div class=\"elementor-element elementor-element-e5ee3c8 elementor-widget elementor-widget-text-editor\" data-id=\"e5ee3c8\" data-element_type=\"widget\" data-widget_type=\"text-editor.default\">\n\t\t\t\t<div class=\"elementor-widget-container\">\n\t\t\t\t\t\t\t<p>Monastrell ( Alicante )&nbsp;<\/p>\n\t\t\t\t\t\t<\/div>\n\t\t\t\t<\/div>\n\t\t\t\t<div class=\"elementor-element elementor-element-cfc65f2 elementor-widget elementor-widget-heading\" data-id=\"cfc65f2\" data-element_type=\"widget\" data-widget_type=\"heading.default\">\n\t\t\t\t<div class=\"elementor-widget-container\">\n\t\t\t<h2 class=\"elementor-heading-title elementor-size-default\">Cod maw <br>\nwith pericana<\/h2>\t\t<\/div>\n\t\t\t\t<\/div>\n\t\t\t\t<div class=\"elementor-element elementor-element-5ac9dee elementor-widget-mobile__width-inherit elementor-widget elementor-widget-text-editor\" data-id=\"5ac9dee\" data-element_type=\"widget\" data-widget_type=\"text-editor.default\">\n\t\t\t\t<div class=\"elementor-widget-container\">\n\t\t\t\t\t\t\t<p>With chorizo pepper. <\/p>\n\t\t\t\t\t\t<\/div>\n\t\t\t\t<\/div>\n\t\t\t\t<div class=\"elementor-element elementor-element-9d73ac1 elementor-widget elementor-widget-image\" data-id=\"9d73ac1\" data-element_type=\"widget\" data-widget_type=\"image.default\">\n\t\t\t\t<div class=\"elementor-widget-container\">\n\t\t\t\t\t\t\t\t\t\t\t\t\t<img decoding=\"async\" width=\"185\" height=\"94\" src=\"https:\/\/carmencita.com\/wp-content\/uploads\/abespeciario\/Grupo-574@2x.jpg\" class=\"attachment-large size-large wp-image-45100\" alt=\"\" \/>\t\t\t\t\t\t\t\t\t\t\t\t\t<\/div>\n\t\t\t\t<\/div>\n\t\t\t\t<div class=\"elementor-element elementor-element-79cbe97 elementor-widget elementor-widget-text-editor\" data-id=\"79cbe97\" data-element_type=\"widget\" data-widget_type=\"text-editor.default\">\n\t\t\t\t<div class=\"elementor-widget-container\">\n\t\t\t\t\t\t\t<p>Ingredients for 4 people<\/p>\n\t\t\t\t\t\t<\/div>\n\t\t\t\t<\/div>\n\t\t\t\t<div class=\"elementor-element elementor-element-b7fe5ea elementor-widget__width-initial elementor-widget-tablet__width-initial elementor-widget elementor-widget-text-editor\" data-id=\"b7fe5ea\" data-element_type=\"widget\" data-widget_type=\"text-editor.default\">\n\t\t\t\t<div class=\"elementor-widget-container\">\n\t\t\t\t\t\t\t<p>12 g of cod maw<br \/>1.2 g of pericana (see recipe)<\/p>\n<p><strong>For the pericana:<br \/><\/strong>50 g de Carmencita chorizo pepper<br \/>10 g of extra virgin olive oil<\/p>\n\t\t\t\t\t\t<\/div>\n\t\t\t\t<\/div>\n\t\t\t\t\t<\/div>\n\t\t<\/div>\n\t\t\t\t<div class=\"elementor-column elementor-col-33 elementor-top-column elementor-element elementor-element-0240719\" data-id=\"0240719\" data-element_type=\"column\">\n\t\t\t<div class=\"elementor-widget-wrap elementor-element-populated\">\n\t\t\t\t\t\t<div class=\"elementor-element elementor-element-1bcf4b5 elementor-hidden-phone elementor-widget elementor-widget-spacer\" data-id=\"1bcf4b5\" data-element_type=\"widget\" data-widget_type=\"spacer.default\">\n\t\t\t\t<div class=\"elementor-widget-container\">\n\t\t\t\t\t<div class=\"elementor-spacer\">\n\t\t\t<div class=\"elementor-spacer-inner\"><\/div>\n\t\t<\/div>\n\t\t\t\t<\/div>\n\t\t\t\t<\/div>\n\t\t\t\t<div class=\"elementor-element elementor-element-e69241f elementor-widget elementor-widget-text-editor\" data-id=\"e69241f\" data-element_type=\"widget\" data-widget_type=\"text-editor.default\">\n\t\t\t\t<div class=\"elementor-widget-container\">\n\t\t\t\t\t\t\t<p>Preparation<\/p>\n\t\t\t\t\t\t<\/div>\n\t\t\t\t<\/div>\n\t\t\t\t<div class=\"elementor-element elementor-element-e3a4f83 elementor-widget__width-initial elementor-widget elementor-widget-text-editor\" data-id=\"e3a4f83\" data-element_type=\"widget\" data-widget_type=\"text-editor.default\">\n\t\t\t\t<div class=\"elementor-widget-container\">\n\t\t\t\t\t\t\t<ul>\n<li>Clean the cod maw, removing all the black skin it has.<\/li>\n<li>Wash the maw in water and allow it to soak for 12 hours.<\/li>\n<li>Scald the maw in boiling water and later drain it.<\/li>\n<li>Place the maw in a pressure cooker with water and cook for 1 hour. At the end of that time, drain it and allow it to cool.<\/li>\n<li>Cut the maw into 3 x 3 cm pieces and dehydrate it at 60 \u00b0C for 12 hours.<\/li>\n<li>Heat the oil to 180 \u00b0C and fry the maw until it puffs up.<br \/>Then, let it cool.<\/li>\n<\/ul>\n\t\t\t\t\t\t<\/div>\n\t\t\t\t<\/div>\n\t\t\t\t<div class=\"elementor-element elementor-element-c0cf078 elementor-widget elementor-widget-text-editor\" data-id=\"c0cf078\" data-element_type=\"widget\" data-widget_type=\"text-editor.default\">\n\t\t\t\t<div class=\"elementor-widget-container\">\n\t\t\t\t\t\t\t<p><strong>For the pericana:<\/strong><\/p>\n\t\t\t\t\t\t<\/div>\n\t\t\t\t<\/div>\n\t\t\t\t<div class=\"elementor-element elementor-element-4b7c32d elementor-widget__width-initial elementor-widget elementor-widget-text-editor\" data-id=\"4b7c32d\" data-element_type=\"widget\" data-widget_type=\"text-editor.default\">\n\t\t\t\t<div class=\"elementor-widget-container\">\n\t\t\t\t\t\t\t<ul>\n<li>Cut the peppers lengthwise and remove the seeds and stem.<\/li>\n<li>Heat the oil to 200 \u00b0C in order to fry the pepper in it for a few seconds. Afterwards, leave them on absorbent paper.<\/li>\n<li>Dehydrate the peppers at 50 \u00b0C for 10 hours.<\/li>\n<li>Let them cool down and triturate them in a Thermomix.<\/li>\n<\/ul>\n\t\t\t\t\t\t<\/div>\n\t\t\t\t<\/div>\n\t\t\t\t<div class=\"elementor-element elementor-element-fdae72e elementor-widget elementor-widget-text-editor\" data-id=\"fdae72e\" data-element_type=\"widget\" data-widget_type=\"text-editor.default\">\n\t\t\t\t<div class=\"elementor-widget-container\">\n\t\t\t\t\t\t\t<p><\/p>\n<p>To finish the dish<\/p>\n\t\t\t\t\t\t<\/div>\n\t\t\t\t<\/div>\n\t\t\t\t<div class=\"elementor-element elementor-element-2cef913 elementor-widget__width-initial elementor-widget-tablet__width-initial elementor-widget elementor-widget-text-editor\" data-id=\"2cef913\" data-element_type=\"widget\" data-widget_type=\"text-editor.default\">\n\t\t\t\t<div class=\"elementor-widget-container\">\n\t\t\t\t\t\t\t<p>Place the cod on the plate and sprinkle it with the pericana.<\/p>\n<p> <\/p>\n<div> <\/div>\t\t\t\t\t\t<\/div>\n\t\t\t\t<\/div>\n\t\t\t\t\t<\/div>\n\t\t<\/div>\n\t\t\t\t\t<\/div>\n\t\t<\/section>\n\t\t\t\t<section class=\"elementor-section elementor-top-section elementor-element elementor-element-5a5444d elementor-section-boxed elementor-section-height-default elementor-section-height-default\" data-id=\"5a5444d\" data-element_type=\"section\">\n\t\t\t\t\t\t<div class=\"elementor-container elementor-column-gap-default\">\n\t\t\t\t\t<div class=\"elementor-column elementor-col-100 elementor-top-column elementor-element elementor-element-630eb64\" data-id=\"630eb64\" data-element_type=\"column\">\n\t\t\t<div class=\"elementor-widget-wrap elementor-element-populated\">\n\t\t\t\t\t\t<div class=\"elementor-element elementor-element-1e382e4 elementor-widget elementor-widget-template\" data-id=\"1e382e4\" data-element_type=\"widget\" data-widget_type=\"template.default\">\n\t\t\t\t<div class=\"elementor-widget-container\">\n\t\t\t\t\t<div class=\"elementor-template\">\n\t\t\t\t\t<div data-elementor-type=\"page\" data-elementor-id=\"28472\" class=\"elementor elementor-28472\" data-elementor-post-type=\"elementor_library\">\n\t\t\t\t\t\t<section class=\"elementor-section elementor-top-section elementor-element elementor-element-4df000b elementor-section-boxed elementor-section-height-default elementor-section-height-default\" data-id=\"4df000b\" data-element_type=\"section\">\n\t\t\t\t\t\t<div class=\"elementor-container elementor-column-gap-default\">\n\t\t\t\t\t<div class=\"elementor-column elementor-col-100 elementor-top-column elementor-element elementor-element-ecc16bf\" data-id=\"ecc16bf\" data-element_type=\"column\">\n\t\t\t<div class=\"elementor-widget-wrap elementor-element-populated\">\n\t\t\t\t\t\t<div class=\"elementor-element elementor-element-5a3401f elementor-widget elementor-widget-spacer\" data-id=\"5a3401f\" data-element_type=\"widget\" data-widget_type=\"spacer.default\">\n\t\t\t\t<div class=\"elementor-widget-container\">\n\t\t\t\t\t<div class=\"elementor-spacer\">\n\t\t\t<div class=\"elementor-spacer-inner\"><\/div>\n\t\t<\/div>\n\t\t\t\t<\/div>\n\t\t\t\t<\/div>\n\t\t\t\t\t<\/div>\n\t\t<\/div>\n\t\t\t\t\t<\/div>\n\t\t<\/section>\n\t\t\t\t<\/div>\n\t\t\t\t<\/div>\n\t\t\t\t<\/div>\n\t\t\t\t<\/div>\n\t\t\t\t\t<\/div>\n\t\t<\/div>\n\t\t\t\t\t<\/div>\n\t\t<\/section>\n\t\t\t\t<\/div>\n\t\t","protected":false},"excerpt":{"rendered":"<p>A hundred years of cooking with spices Mar\u00eda Jos\u00e9 San Rom\u00e1n Monastrell ( Alicante )&nbsp; Cod maw with pericana With chorizo pepper. Ingredients for 4 people 12 g of cod maw1.2 g of pericana (see recipe) For the pericana:50 g de Carmencita chorizo pepper10 g of extra virgin olive oil Preparation Clean the cod maw, [&hellip;]<\/p>\n","protected":false},"author":2,"featured_media":0,"parent":44555,"menu_order":0,"comment_status":"closed","ping_status":"closed","template":"elementor_header_footer","meta":{"_acf_changed":false,"inline_featured_image":false,"footnotes":""},"class_list":["post-44579","page","type-page","status-publish","hentry"],"acf":[],"yoast_head":"<!-- This site is optimized with the Yoast SEO plugin v27.2 - https:\/\/yoast.com\/product\/yoast-seo-wordpress\/ -->\n<title>Cod maw with pericana<\/title>\n<meta name=\"robots\" content=\"index, follow, max-snippet:-1, max-image-preview:large, max-video-preview:-1\" \/>\n<link rel=\"canonical\" href=\"https:\/\/carmencita.com\/en\/recipes\/cod-maw-with-pericana\/\" \/>\n<meta property=\"og:locale\" content=\"en_US\" \/>\n<meta property=\"og:type\" content=\"article\" \/>\n<meta property=\"og:title\" content=\"Cod maw with pericana\" \/>\n<meta property=\"og:description\" content=\"A hundred years of cooking with spices Mar\u00eda Jos\u00e9 San Rom\u00e1n Monastrell ( Alicante )&nbsp; Cod maw with pericana With chorizo pepper. Ingredients for 4 people 12 g of cod maw1.2 g of pericana (see recipe) For the pericana:50 g de Carmencita chorizo pepper10 g of extra virgin olive oil Preparation Clean the cod maw, [&hellip;]\" \/>\n<meta property=\"og:url\" content=\"https:\/\/carmencita.com\/en\/recipes\/cod-maw-with-pericana\/\" \/>\n<meta property=\"og:site_name\" content=\"Carmencita\" \/>\n<meta property=\"article:publisher\" content=\"https:\/\/www.facebook.com\/especias.carmencita\/\" \/>\n<meta property=\"article:modified_time\" content=\"2023-10-24T20:54:13+00:00\" \/>\n<meta property=\"og:image\" content=\"https:\/\/carmencita.com\/wp-content\/uploads\/abespeciario\/Enmascarar-grupo-2@2x-1-scaled-1.jpg\" \/>\n<meta name=\"twitter:card\" content=\"summary_large_image\" \/>\n<meta name=\"twitter:site\" content=\"@carmencitaspice\" \/>\n<script type=\"application\/ld+json\" class=\"yoast-schema-graph\">{\"@context\":\"https:\/\/schema.org\",\"@graph\":[{\"@type\":\"WebPage\",\"@id\":\"https:\/\/carmencita.com\/en\/recipes\/cod-maw-with-pericana\/\",\"url\":\"https:\/\/carmencita.com\/en\/recipes\/cod-maw-with-pericana\/\",\"name\":\"Cod maw with pericana\",\"isPartOf\":{\"@id\":\"https:\/\/carmencita.com\/en\/#website\"},\"primaryImageOfPage\":{\"@id\":\"https:\/\/carmencita.com\/en\/recipes\/cod-maw-with-pericana\/#primaryimage\"},\"image\":{\"@id\":\"https:\/\/carmencita.com\/en\/recipes\/cod-maw-with-pericana\/#primaryimage\"},\"thumbnailUrl\":\"https:\/\/carmencita.com\/wp-content\/uploads\/abespeciario\/Enmascarar-grupo-2@2x-1-scaled-1.jpg\",\"datePublished\":\"2020-10-26T13:01:56+00:00\",\"dateModified\":\"2023-10-24T20:54:13+00:00\",\"breadcrumb\":{\"@id\":\"https:\/\/carmencita.com\/en\/recipes\/cod-maw-with-pericana\/#breadcrumb\"},\"inLanguage\":\"en-US\",\"potentialAction\":[{\"@type\":\"ReadAction\",\"target\":[\"https:\/\/carmencita.com\/en\/recipes\/cod-maw-with-pericana\/\"]}]},{\"@type\":\"ImageObject\",\"inLanguage\":\"en-US\",\"@id\":\"https:\/\/carmencita.com\/en\/recipes\/cod-maw-with-pericana\/#primaryimage\",\"url\":\"https:\/\/carmencita.com\/wp-content\/uploads\/abespeciario\/Enmascarar-grupo-2@2x-1-scaled-1.jpg\",\"contentUrl\":\"https:\/\/carmencita.com\/wp-content\/uploads\/abespeciario\/Enmascarar-grupo-2@2x-1-scaled-1.jpg\"},{\"@type\":\"BreadcrumbList\",\"@id\":\"https:\/\/carmencita.com\/en\/recipes\/cod-maw-with-pericana\/#breadcrumb\",\"itemListElement\":[{\"@type\":\"ListItem\",\"position\":1,\"name\":\"Carmencita\",\"item\":\"https:\/\/carmencita.com\/en\/\"},{\"@type\":\"ListItem\",\"position\":2,\"name\":\"Recipes\",\"item\":\"https:\/\/carmencita.com\/en\/recipes\/\"},{\"@type\":\"ListItem\",\"position\":3,\"name\":\"Cod maw with pericana\"}]},{\"@type\":\"WebSite\",\"@id\":\"https:\/\/carmencita.com\/en\/#website\",\"url\":\"https:\/\/carmencita.com\/en\/\",\"name\":\"Carmencita\",\"description\":\"Cien a\u00f1os dando sabor y color a tu vida\",\"potentialAction\":[{\"@type\":\"SearchAction\",\"target\":{\"@type\":\"EntryPoint\",\"urlTemplate\":\"https:\/\/carmencita.com\/en\/?s={search_term_string}\"},\"query-input\":{\"@type\":\"PropertyValueSpecification\",\"valueRequired\":true,\"valueName\":\"search_term_string\"}}],\"inLanguage\":\"en-US\"}]}<\/script>\n<!-- \/ Yoast SEO plugin. -->","yoast_head_json":{"title":"Cod maw with pericana","robots":{"index":"index","follow":"follow","max-snippet":"max-snippet:-1","max-image-preview":"max-image-preview:large","max-video-preview":"max-video-preview:-1"},"canonical":"https:\/\/carmencita.com\/en\/recipes\/cod-maw-with-pericana\/","og_locale":"en_US","og_type":"article","og_title":"Cod maw with pericana","og_description":"A hundred years of cooking with spices Mar\u00eda Jos\u00e9 San Rom\u00e1n Monastrell ( Alicante )&nbsp; Cod maw with pericana With chorizo pepper. Ingredients for 4 people 12 g of cod maw1.2 g of pericana (see recipe) For the pericana:50 g de Carmencita chorizo pepper10 g of extra virgin olive oil Preparation Clean the cod maw, [&hellip;]","og_url":"https:\/\/carmencita.com\/en\/recipes\/cod-maw-with-pericana\/","og_site_name":"Carmencita","article_publisher":"https:\/\/www.facebook.com\/especias.carmencita\/","article_modified_time":"2023-10-24T20:54:13+00:00","og_image":[{"url":"https:\/\/carmencita.com\/wp-content\/uploads\/abespeciario\/Enmascarar-grupo-2@2x-1-scaled-1.jpg","type":"","width":"","height":""}],"twitter_card":"summary_large_image","twitter_site":"@carmencitaspice","schema":{"@context":"https:\/\/schema.org","@graph":[{"@type":"WebPage","@id":"https:\/\/carmencita.com\/en\/recipes\/cod-maw-with-pericana\/","url":"https:\/\/carmencita.com\/en\/recipes\/cod-maw-with-pericana\/","name":"Cod maw with pericana","isPartOf":{"@id":"https:\/\/carmencita.com\/en\/#website"},"primaryImageOfPage":{"@id":"https:\/\/carmencita.com\/en\/recipes\/cod-maw-with-pericana\/#primaryimage"},"image":{"@id":"https:\/\/carmencita.com\/en\/recipes\/cod-maw-with-pericana\/#primaryimage"},"thumbnailUrl":"https:\/\/carmencita.com\/wp-content\/uploads\/abespeciario\/Enmascarar-grupo-2@2x-1-scaled-1.jpg","datePublished":"2020-10-26T13:01:56+00:00","dateModified":"2023-10-24T20:54:13+00:00","breadcrumb":{"@id":"https:\/\/carmencita.com\/en\/recipes\/cod-maw-with-pericana\/#breadcrumb"},"inLanguage":"en-US","potentialAction":[{"@type":"ReadAction","target":["https:\/\/carmencita.com\/en\/recipes\/cod-maw-with-pericana\/"]}]},{"@type":"ImageObject","inLanguage":"en-US","@id":"https:\/\/carmencita.com\/en\/recipes\/cod-maw-with-pericana\/#primaryimage","url":"https:\/\/carmencita.com\/wp-content\/uploads\/abespeciario\/Enmascarar-grupo-2@2x-1-scaled-1.jpg","contentUrl":"https:\/\/carmencita.com\/wp-content\/uploads\/abespeciario\/Enmascarar-grupo-2@2x-1-scaled-1.jpg"},{"@type":"BreadcrumbList","@id":"https:\/\/carmencita.com\/en\/recipes\/cod-maw-with-pericana\/#breadcrumb","itemListElement":[{"@type":"ListItem","position":1,"name":"Carmencita","item":"https:\/\/carmencita.com\/en\/"},{"@type":"ListItem","position":2,"name":"Recipes","item":"https:\/\/carmencita.com\/en\/recipes\/"},{"@type":"ListItem","position":3,"name":"Cod maw with pericana"}]},{"@type":"WebSite","@id":"https:\/\/carmencita.com\/en\/#website","url":"https:\/\/carmencita.com\/en\/","name":"Carmencita","description":"Cien a\u00f1os dando sabor y color a tu vida","potentialAction":[{"@type":"SearchAction","target":{"@type":"EntryPoint","urlTemplate":"https:\/\/carmencita.com\/en\/?s={search_term_string}"},"query-input":{"@type":"PropertyValueSpecification","valueRequired":true,"valueName":"search_term_string"}}],"inLanguage":"en-US"}]}},"_links":{"self":[{"href":"https:\/\/carmencita.com\/en\/wp-json\/wp\/v2\/pages\/44579","targetHints":{"allow":["GET"]}}],"collection":[{"href":"https:\/\/carmencita.com\/en\/wp-json\/wp\/v2\/pages"}],"about":[{"href":"https:\/\/carmencita.com\/en\/wp-json\/wp\/v2\/types\/page"}],"author":[{"embeddable":true,"href":"https:\/\/carmencita.com\/en\/wp-json\/wp\/v2\/users\/2"}],"replies":[{"embeddable":true,"href":"https:\/\/carmencita.com\/en\/wp-json\/wp\/v2\/comments?post=44579"}],"version-history":[{"count":0,"href":"https:\/\/carmencita.com\/en\/wp-json\/wp\/v2\/pages\/44579\/revisions"}],"up":[{"embeddable":true,"href":"https:\/\/carmencita.com\/en\/wp-json\/wp\/v2\/pages\/44555"}],"wp:attachment":[{"href":"https:\/\/carmencita.com\/en\/wp-json\/wp\/v2\/media?parent=44579"}],"curies":[{"name":"wp","href":"https:\/\/api.w.org\/{rel}","templated":true}]}}