{"id":44590,"date":"2020-10-26T15:48:36","date_gmt":"2020-10-26T14:48:36","guid":{"rendered":"https:\/\/carmencita2.dev3dids.com\/recetas\/ventresca-de-atun-en-bloque-de-sal-del-pinos-con-zumaque-y-semilla-de-perejil\/"},"modified":"2023-10-24T22:54:51","modified_gmt":"2023-10-24T20:54:51","slug":"tuna-belly-with-sesame","status":"publish","type":"page","link":"https:\/\/carmencita.com\/en\/recipes\/tuna-belly-with-sesame\/","title":{"rendered":"Tuna belly with sesame"},"content":{"rendered":"\t\t<div data-elementor-type=\"wp-page\" data-elementor-id=\"44590\" class=\"elementor elementor-44590 elementor-17029\" data-elementor-post-type=\"page\">\n\t\t\t\t\t\t<section class=\"elementor-section elementor-top-section elementor-element elementor-element-a9d0697 elementor-section-boxed elementor-section-height-default elementor-section-height-default\" data-id=\"a9d0697\" data-element_type=\"section\">\n\t\t\t\t\t\t<div class=\"elementor-container elementor-column-gap-no\">\n\t\t\t\t\t<div class=\"elementor-column elementor-col-100 elementor-top-column elementor-element elementor-element-65952db\" data-id=\"65952db\" data-element_type=\"column\">\n\t\t\t<div class=\"elementor-widget-wrap elementor-element-populated\">\n\t\t\t\t\t\t<div class=\"elementor-element elementor-element-4e25090 elementor-widget elementor-widget-image\" data-id=\"4e25090\" data-element_type=\"widget\" data-widget_type=\"image.default\">\n\t\t\t\t<div class=\"elementor-widget-container\">\n\t\t\t\t\t\t\t\t\t\t\t\t\t<img fetchpriority=\"high\" decoding=\"async\" width=\"2560\" height=\"1399\" src=\"https:\/\/carmencita.com\/wp-content\/uploads\/abespeciario\/carmencita-100-recetas-chef-maria-jose-san-roman-ventresca-de-atun-scaled-1.jpg\" class=\"attachment-full size-full wp-image-45105\" alt=\"\" srcset=\"https:\/\/carmencita.com\/wp-content\/uploads\/abespeciario\/carmencita-100-recetas-chef-maria-jose-san-roman-ventresca-de-atun-scaled-1.jpg 2560w, https:\/\/carmencita.com\/wp-content\/uploads\/abespeciario\/carmencita-100-recetas-chef-maria-jose-san-roman-ventresca-de-atun-scaled-1-300x164.jpg 300w, https:\/\/carmencita.com\/wp-content\/uploads\/abespeciario\/carmencita-100-recetas-chef-maria-jose-san-roman-ventresca-de-atun-scaled-1-1024x560.jpg 1024w, https:\/\/carmencita.com\/wp-content\/uploads\/abespeciario\/carmencita-100-recetas-chef-maria-jose-san-roman-ventresca-de-atun-scaled-1-768x420.jpg 768w, https:\/\/carmencita.com\/wp-content\/uploads\/abespeciario\/carmencita-100-recetas-chef-maria-jose-san-roman-ventresca-de-atun-scaled-1-1536x839.jpg 1536w, https:\/\/carmencita.com\/wp-content\/uploads\/abespeciario\/carmencita-100-recetas-chef-maria-jose-san-roman-ventresca-de-atun-scaled-1-2048x1119.jpg 2048w\" sizes=\"(max-width: 2560px) 100vw, 2560px\" \/>\t\t\t\t\t\t\t\t\t\t\t\t\t<\/div>\n\t\t\t\t<\/div>\n\t\t\t\t\t<\/div>\n\t\t<\/div>\n\t\t\t\t\t<\/div>\n\t\t<\/section>\n\t\t\t\t<section class=\"elementor-section elementor-top-section elementor-element elementor-element-0a7b3a6 elementor-section-boxed elementor-section-height-default elementor-section-height-default\" data-id=\"0a7b3a6\" data-element_type=\"section\">\n\t\t\t\t\t\t<div class=\"elementor-container elementor-column-gap-no\">\n\t\t\t\t\t<div class=\"elementor-column elementor-col-50 elementor-top-column elementor-element elementor-element-cbd8f76\" data-id=\"cbd8f76\" data-element_type=\"column\">\n\t\t\t<div class=\"elementor-widget-wrap elementor-element-populated\">\n\t\t\t\t\t\t<div class=\"elementor-element elementor-element-725b956 elementor-widget__width-auto elementor-widget elementor-widget-image\" data-id=\"725b956\" data-element_type=\"widget\" data-widget_type=\"image.default\">\n\t\t\t\t<div class=\"elementor-widget-container\">\n\t\t\t\t\t\t\t\t\t\t\t\t\t<img decoding=\"async\" width=\"231\" height=\"149\" src=\"https:\/\/carmencita.com\/wp-content\/uploads\/2020\/09\/100_Laurel@2x.png\" class=\"attachment-large size-large wp-image-40154\" alt=\"\" \/>\t\t\t\t\t\t\t\t\t\t\t\t\t<\/div>\n\t\t\t\t<\/div>\n\t\t\t\t<div class=\"elementor-element elementor-element-b2b6f81 elementor-widget__width-auto elementor-widget elementor-widget-text-editor\" data-id=\"b2b6f81\" data-element_type=\"widget\" data-widget_type=\"text-editor.default\">\n\t\t\t\t<div class=\"elementor-widget-container\">\n\t\t\t\t\t\t\t<p>Cien a\u00f1os cocinando con especias<\/p>\n\t\t\t\t\t\t<\/div>\n\t\t\t\t<\/div>\n\t\t\t\t<div class=\"elementor-element elementor-element-83f1668 elementor-widget-divider--view-line elementor-widget elementor-widget-divider\" data-id=\"83f1668\" data-element_type=\"widget\" data-widget_type=\"divider.default\">\n\t\t\t\t<div class=\"elementor-widget-container\">\n\t\t\t\t\t<div class=\"elementor-divider\">\n\t\t\t<span class=\"elementor-divider-separator\">\n\t\t\t\t\t\t<\/span>\n\t\t<\/div>\n\t\t\t\t<\/div>\n\t\t\t\t<\/div>\n\t\t\t\t<div class=\"elementor-element elementor-element-8dfa837 elementor-widget elementor-widget-text-editor\" data-id=\"8dfa837\" data-element_type=\"widget\" data-widget_type=\"text-editor.default\">\n\t\t\t\t<div class=\"elementor-widget-container\">\n\t\t\t\t\t\t\t<p><span style=\"font-size: 25px;\">Mar\u00eda Jos\u00e9 San Rom\u00e1n<\/span><\/p>\n\t\t\t\t\t\t<\/div>\n\t\t\t\t<\/div>\n\t\t\t\t<div class=\"elementor-element elementor-element-0f17ea0 elementor-widget elementor-widget-text-editor\" data-id=\"0f17ea0\" data-element_type=\"widget\" data-widget_type=\"text-editor.default\">\n\t\t\t\t<div class=\"elementor-widget-container\">\n\t\t\t\t\t\t\t<p>Monastrell ( Alicante )<\/p>\n\t\t\t\t\t\t<\/div>\n\t\t\t\t<\/div>\n\t\t\t\t<div class=\"elementor-element elementor-element-3f4a1b7 elementor-widget elementor-widget-heading\" data-id=\"3f4a1b7\" data-element_type=\"widget\" data-widget_type=\"heading.default\">\n\t\t\t\t<div class=\"elementor-widget-container\">\n\t\t\t<h2 class=\"elementor-heading-title elementor-size-default\">Tuna<br>\nbelly<br> \nwith sesame<\/h2>\t\t<\/div>\n\t\t\t\t<\/div>\n\t\t\t\t<div class=\"elementor-element elementor-element-f69ec78 elementor-widget elementor-widget-text-editor\" data-id=\"f69ec78\" data-element_type=\"widget\" data-widget_type=\"text-editor.default\">\n\t\t\t\t<div class=\"elementor-widget-container\">\n\t\t\t\t\t\t\t<p>With sesame<\/p>\n\t\t\t\t\t\t<\/div>\n\t\t\t\t<\/div>\n\t\t\t\t<div class=\"elementor-element elementor-element-57a3b53 elementor-widget elementor-widget-image\" data-id=\"57a3b53\" data-element_type=\"widget\" data-widget_type=\"image.default\">\n\t\t\t\t<div class=\"elementor-widget-container\">\n\t\t\t\t\t\t\t\t\t\t\t\t\t<img decoding=\"async\" width=\"170\" height=\"121\" src=\"https:\/\/carmencita.com\/wp-content\/uploads\/abespeciario\/Grupo-577@2x.jpg\" class=\"attachment-large size-large wp-image-45107\" alt=\"\" \/>\t\t\t\t\t\t\t\t\t\t\t\t\t<\/div>\n\t\t\t\t<\/div>\n\t\t\t\t<div class=\"elementor-element elementor-element-49c839d elementor-widget elementor-widget-text-editor\" data-id=\"49c839d\" data-element_type=\"widget\" data-widget_type=\"text-editor.default\">\n\t\t\t\t<div class=\"elementor-widget-container\">\n\t\t\t\t\t\t\t<p>Ingredients for 4 people<\/p>\n\t\t\t\t\t\t<\/div>\n\t\t\t\t<\/div>\n\t\t\t\t<div class=\"elementor-element elementor-element-4bc520a elementor-widget__width-initial elementor-widget elementor-widget-text-editor\" data-id=\"4bc520a\" data-element_type=\"widget\" data-widget_type=\"text-editor.default\">\n\t\t\t\t<div class=\"elementor-widget-container\">\n\t\t\t\t\t\t\t<p>100 g of red tuna belly<br \/>50 g of coarse salt <br \/>10 g of Carmencita Sesame<br \/>Vine shoot<\/p>\n<p><strong>For the black fig sauce:<\/strong><br \/>1 kg of black figs<br \/>0.1 g of xanthan gum<br \/>1 box of nasturtium leaves<\/p>\n<p><strong>To finish the dish:<\/strong><br \/>80 g of smoked tuna belly<br \/>8 g of black fig sauce<\/p>\n\t\t\t\t\t\t<\/div>\n\t\t\t\t<\/div>\n\t\t\t\t\t<\/div>\n\t\t<\/div>\n\t\t\t\t<div class=\"elementor-column elementor-col-50 elementor-top-column elementor-element elementor-element-a3949f4\" data-id=\"a3949f4\" data-element_type=\"column\">\n\t\t\t<div class=\"elementor-widget-wrap elementor-element-populated\">\n\t\t\t\t\t\t<div class=\"elementor-element elementor-element-c38f065 elementor-widget elementor-widget-text-editor\" data-id=\"c38f065\" data-element_type=\"widget\" data-widget_type=\"text-editor.default\">\n\t\t\t\t<div class=\"elementor-widget-container\">\n\t\t\t\t\t\t\t<p>Preparation<\/p>\n\t\t\t\t\t\t<\/div>\n\t\t\t\t<\/div>\n\t\t\t\t<div class=\"elementor-element elementor-element-ef91891 elementor-widget__width-initial elementor-widget elementor-widget-text-editor\" data-id=\"ef91891\" data-element_type=\"widget\" data-widget_type=\"text-editor.default\">\n\t\t\t\t<div class=\"elementor-widget-container\">\n\t\t\t\t\t\t\t<ul>\n<li>Clean the belly, removing the skin and excess fat from the most fibrous parts.<\/li>\n<li>Cut it in rectangles 5x5x10 cm. Freeze it for 48 hours at -22 \u00b0C and, after that time, thaw in the refrigerator.<\/li>\n<li>Cover the belly on all sides with the salt and leave it in the salt for 10 minutes. Afterwards, rinse it with cold water and dry.<\/li>\n<li>Smoke the tuna belly for 3 minutes with vine shoot and, later, roll it in the sesame and place in the refrigerator.<\/li>\n<\/ul>\n\t\t\t\t\t\t<\/div>\n\t\t\t\t<\/div>\n\t\t\t\t<div class=\"elementor-element elementor-element-4770dad elementor-widget__width-initial elementor-widget elementor-widget-text-editor\" data-id=\"4770dad\" data-element_type=\"widget\" data-widget_type=\"text-editor.default\">\n\t\t\t\t<div class=\"elementor-widget-container\">\n\t\t\t\t\t\t\t<p><b>For the black fig sauce<\/b>:<\/p>\n\t\t\t\t\t\t<\/div>\n\t\t\t\t<\/div>\n\t\t\t\t<div class=\"elementor-element elementor-element-0d1bd54 elementor-widget__width-initial elementor-widget elementor-widget-text-editor\" data-id=\"0d1bd54\" data-element_type=\"widget\" data-widget_type=\"text-editor.default\">\n\t\t\t\t<div class=\"elementor-widget-container\">\n\t\t\t\t\t\t\t<ul>\n<li>Wash the figs and place them in the basket of the OCOO pressure cooker, together with the nasturtium leaves.<\/li>\n<li>Close the pressure cooker and cook for 7 hours with the <em>Aged eggs<\/em> program.<\/li>\n<li>When the cooking is finished, open the cooker and press the figs hard to get out as much juice as possible. Get rid of the figs and save the juice.<\/li>\n<li>Thicken the juice with xanthan gum and reserve in the refrigerator.<\/li>\n<\/ul>\n<div> <\/div>\n\t\t\t\t\t\t<\/div>\n\t\t\t\t<\/div>\n\t\t\t\t<div class=\"elementor-element elementor-element-90a6ebb elementor-widget elementor-widget-text-editor\" data-id=\"90a6ebb\" data-element_type=\"widget\" data-widget_type=\"text-editor.default\">\n\t\t\t\t<div class=\"elementor-widget-container\">\n\t\t\t\t\t\t\t<p>To finish the dish<\/p>\n\t\t\t\t\t\t<\/div>\n\t\t\t\t<\/div>\n\t\t\t\t<div class=\"elementor-element elementor-element-45e93fb elementor-widget__width-initial elementor-widget elementor-widget-text-editor\" data-id=\"45e93fb\" data-element_type=\"widget\" data-widget_type=\"text-editor.default\">\n\t\t\t\t<div class=\"elementor-widget-container\">\n\t\t\t\t\t\t\t<\/p>\n<div> Before serving the dish, cut the tuna into think slices and brush on the fig sauce.<\/div>\n<div><span style=\"letter-spacing: -0.52px;\"> <\/span><\/div>\n\t\t\t\t\t\t<\/div>\n\t\t\t\t<\/div>\n\t\t\t\t\t<\/div>\n\t\t<\/div>\n\t\t\t\t\t<\/div>\n\t\t<\/section>\n\t\t\t\t<section class=\"elementor-section elementor-top-section elementor-element elementor-element-9e55971 elementor-section-boxed elementor-section-height-default elementor-section-height-default\" data-id=\"9e55971\" data-element_type=\"section\">\n\t\t\t\t\t\t<div class=\"elementor-container elementor-column-gap-default\">\n\t\t\t\t\t<div class=\"elementor-column elementor-col-100 elementor-top-column elementor-element elementor-element-1bd16ba\" data-id=\"1bd16ba\" data-element_type=\"column\">\n\t\t\t<div class=\"elementor-widget-wrap elementor-element-populated\">\n\t\t\t\t\t\t<div class=\"elementor-element elementor-element-e34474c elementor-widget elementor-widget-template\" data-id=\"e34474c\" data-element_type=\"widget\" data-widget_type=\"template.default\">\n\t\t\t\t<div class=\"elementor-widget-container\">\n\t\t\t\t\t<div class=\"elementor-template\">\n\t\t\t\t\t<div data-elementor-type=\"page\" data-elementor-id=\"28472\" class=\"elementor elementor-28472\" data-elementor-post-type=\"elementor_library\">\n\t\t\t\t\t\t<section class=\"elementor-section elementor-top-section elementor-element elementor-element-4df000b elementor-section-boxed elementor-section-height-default elementor-section-height-default\" data-id=\"4df000b\" data-element_type=\"section\">\n\t\t\t\t\t\t<div class=\"elementor-container elementor-column-gap-default\">\n\t\t\t\t\t<div class=\"elementor-column elementor-col-100 elementor-top-column elementor-element elementor-element-ecc16bf\" data-id=\"ecc16bf\" data-element_type=\"column\">\n\t\t\t<div class=\"elementor-widget-wrap elementor-element-populated\">\n\t\t\t\t\t\t<div class=\"elementor-element elementor-element-5a3401f elementor-widget elementor-widget-spacer\" data-id=\"5a3401f\" data-element_type=\"widget\" data-widget_type=\"spacer.default\">\n\t\t\t\t<div class=\"elementor-widget-container\">\n\t\t\t\t\t<div class=\"elementor-spacer\">\n\t\t\t<div class=\"elementor-spacer-inner\"><\/div>\n\t\t<\/div>\n\t\t\t\t<\/div>\n\t\t\t\t<\/div>\n\t\t\t\t\t<\/div>\n\t\t<\/div>\n\t\t\t\t\t<\/div>\n\t\t<\/section>\n\t\t\t\t<\/div>\n\t\t\t\t<\/div>\n\t\t\t\t<\/div>\n\t\t\t\t<\/div>\n\t\t\t\t\t<\/div>\n\t\t<\/div>\n\t\t\t\t\t<\/div>\n\t\t<\/section>\n\t\t\t\t<\/div>\n\t\t","protected":false},"excerpt":{"rendered":"<p>Cien a\u00f1os cocinando con especias Mar\u00eda Jos\u00e9 San Rom\u00e1n Monastrell ( Alicante ) Tuna belly with sesame With sesame Ingredients for 4 people 100 g of red tuna belly50 g of coarse salt 10 g of Carmencita SesameVine shoot For the black fig sauce:1 kg of black figs0.1 g of xanthan gum1 box of nasturtium [&hellip;]<\/p>\n","protected":false},"author":2,"featured_media":0,"parent":44555,"menu_order":0,"comment_status":"closed","ping_status":"closed","template":"elementor_header_footer","meta":{"_acf_changed":false,"inline_featured_image":false,"footnotes":""},"class_list":["post-44590","page","type-page","status-publish","hentry"],"acf":[],"yoast_head":"<!-- This site is optimized with the Yoast SEO plugin v27.2 - https:\/\/yoast.com\/product\/yoast-seo-wordpress\/ -->\n<title>Tuna belly with sesame<\/title>\n<meta name=\"robots\" content=\"index, follow, max-snippet:-1, max-image-preview:large, max-video-preview:-1\" \/>\n<link rel=\"canonical\" href=\"https:\/\/carmencita.com\/en\/recipes\/tuna-belly-with-sesame\/\" \/>\n<meta property=\"og:locale\" content=\"en_US\" \/>\n<meta property=\"og:type\" content=\"article\" \/>\n<meta property=\"og:title\" content=\"Tuna belly with sesame\" \/>\n<meta property=\"og:description\" content=\"Cien a\u00f1os cocinando con especias Mar\u00eda Jos\u00e9 San Rom\u00e1n Monastrell ( Alicante ) Tuna belly with sesame With sesame Ingredients for 4 people 100 g of red tuna belly50 g of coarse salt 10 g of Carmencita SesameVine shoot For the black fig sauce:1 kg of black figs0.1 g of xanthan gum1 box of nasturtium [&hellip;]\" \/>\n<meta property=\"og:url\" content=\"https:\/\/carmencita.com\/en\/recipes\/tuna-belly-with-sesame\/\" \/>\n<meta property=\"og:site_name\" content=\"Carmencita\" \/>\n<meta property=\"article:publisher\" content=\"https:\/\/www.facebook.com\/especias.carmencita\/\" \/>\n<meta property=\"article:modified_time\" content=\"2023-10-24T20:54:51+00:00\" \/>\n<meta property=\"og:image\" content=\"https:\/\/carmencita.com\/wp-content\/uploads\/abespeciario\/carmencita-100-recetas-chef-maria-jose-san-roman-ventresca-de-atun-scaled-1.jpg\" \/>\n<meta name=\"twitter:card\" content=\"summary_large_image\" \/>\n<meta name=\"twitter:site\" content=\"@carmencitaspice\" \/>\n<script type=\"application\/ld+json\" class=\"yoast-schema-graph\">{\"@context\":\"https:\/\/schema.org\",\"@graph\":[{\"@type\":\"WebPage\",\"@id\":\"https:\/\/carmencita.com\/en\/recipes\/tuna-belly-with-sesame\/\",\"url\":\"https:\/\/carmencita.com\/en\/recipes\/tuna-belly-with-sesame\/\",\"name\":\"Tuna belly with sesame\",\"isPartOf\":{\"@id\":\"https:\/\/carmencita.com\/en\/#website\"},\"primaryImageOfPage\":{\"@id\":\"https:\/\/carmencita.com\/en\/recipes\/tuna-belly-with-sesame\/#primaryimage\"},\"image\":{\"@id\":\"https:\/\/carmencita.com\/en\/recipes\/tuna-belly-with-sesame\/#primaryimage\"},\"thumbnailUrl\":\"https:\/\/carmencita.com\/wp-content\/uploads\/abespeciario\/carmencita-100-recetas-chef-maria-jose-san-roman-ventresca-de-atun-scaled-1.jpg\",\"datePublished\":\"2020-10-26T14:48:36+00:00\",\"dateModified\":\"2023-10-24T20:54:51+00:00\",\"breadcrumb\":{\"@id\":\"https:\/\/carmencita.com\/en\/recipes\/tuna-belly-with-sesame\/#breadcrumb\"},\"inLanguage\":\"en-US\",\"potentialAction\":[{\"@type\":\"ReadAction\",\"target\":[\"https:\/\/carmencita.com\/en\/recipes\/tuna-belly-with-sesame\/\"]}]},{\"@type\":\"ImageObject\",\"inLanguage\":\"en-US\",\"@id\":\"https:\/\/carmencita.com\/en\/recipes\/tuna-belly-with-sesame\/#primaryimage\",\"url\":\"https:\/\/carmencita.com\/wp-content\/uploads\/abespeciario\/carmencita-100-recetas-chef-maria-jose-san-roman-ventresca-de-atun-scaled-1.jpg\",\"contentUrl\":\"https:\/\/carmencita.com\/wp-content\/uploads\/abespeciario\/carmencita-100-recetas-chef-maria-jose-san-roman-ventresca-de-atun-scaled-1.jpg\"},{\"@type\":\"BreadcrumbList\",\"@id\":\"https:\/\/carmencita.com\/en\/recipes\/tuna-belly-with-sesame\/#breadcrumb\",\"itemListElement\":[{\"@type\":\"ListItem\",\"position\":1,\"name\":\"Carmencita\",\"item\":\"https:\/\/carmencita.com\/en\/\"},{\"@type\":\"ListItem\",\"position\":2,\"name\":\"Recipes\",\"item\":\"https:\/\/carmencita.com\/en\/recipes\/\"},{\"@type\":\"ListItem\",\"position\":3,\"name\":\"Tuna belly with sesame\"}]},{\"@type\":\"WebSite\",\"@id\":\"https:\/\/carmencita.com\/en\/#website\",\"url\":\"https:\/\/carmencita.com\/en\/\",\"name\":\"Carmencita\",\"description\":\"Cien a\u00f1os dando sabor y color a tu vida\",\"potentialAction\":[{\"@type\":\"SearchAction\",\"target\":{\"@type\":\"EntryPoint\",\"urlTemplate\":\"https:\/\/carmencita.com\/en\/?s={search_term_string}\"},\"query-input\":{\"@type\":\"PropertyValueSpecification\",\"valueRequired\":true,\"valueName\":\"search_term_string\"}}],\"inLanguage\":\"en-US\"}]}<\/script>\n<!-- \/ Yoast SEO plugin. -->","yoast_head_json":{"title":"Tuna belly with sesame","robots":{"index":"index","follow":"follow","max-snippet":"max-snippet:-1","max-image-preview":"max-image-preview:large","max-video-preview":"max-video-preview:-1"},"canonical":"https:\/\/carmencita.com\/en\/recipes\/tuna-belly-with-sesame\/","og_locale":"en_US","og_type":"article","og_title":"Tuna belly with sesame","og_description":"Cien a\u00f1os cocinando con especias Mar\u00eda Jos\u00e9 San Rom\u00e1n Monastrell ( Alicante ) Tuna belly with sesame With sesame Ingredients for 4 people 100 g of red tuna belly50 g of coarse salt 10 g of Carmencita SesameVine shoot For the black fig sauce:1 kg of black figs0.1 g of xanthan gum1 box of nasturtium [&hellip;]","og_url":"https:\/\/carmencita.com\/en\/recipes\/tuna-belly-with-sesame\/","og_site_name":"Carmencita","article_publisher":"https:\/\/www.facebook.com\/especias.carmencita\/","article_modified_time":"2023-10-24T20:54:51+00:00","og_image":[{"url":"https:\/\/carmencita.com\/wp-content\/uploads\/abespeciario\/carmencita-100-recetas-chef-maria-jose-san-roman-ventresca-de-atun-scaled-1.jpg","type":"","width":"","height":""}],"twitter_card":"summary_large_image","twitter_site":"@carmencitaspice","schema":{"@context":"https:\/\/schema.org","@graph":[{"@type":"WebPage","@id":"https:\/\/carmencita.com\/en\/recipes\/tuna-belly-with-sesame\/","url":"https:\/\/carmencita.com\/en\/recipes\/tuna-belly-with-sesame\/","name":"Tuna belly with sesame","isPartOf":{"@id":"https:\/\/carmencita.com\/en\/#website"},"primaryImageOfPage":{"@id":"https:\/\/carmencita.com\/en\/recipes\/tuna-belly-with-sesame\/#primaryimage"},"image":{"@id":"https:\/\/carmencita.com\/en\/recipes\/tuna-belly-with-sesame\/#primaryimage"},"thumbnailUrl":"https:\/\/carmencita.com\/wp-content\/uploads\/abespeciario\/carmencita-100-recetas-chef-maria-jose-san-roman-ventresca-de-atun-scaled-1.jpg","datePublished":"2020-10-26T14:48:36+00:00","dateModified":"2023-10-24T20:54:51+00:00","breadcrumb":{"@id":"https:\/\/carmencita.com\/en\/recipes\/tuna-belly-with-sesame\/#breadcrumb"},"inLanguage":"en-US","potentialAction":[{"@type":"ReadAction","target":["https:\/\/carmencita.com\/en\/recipes\/tuna-belly-with-sesame\/"]}]},{"@type":"ImageObject","inLanguage":"en-US","@id":"https:\/\/carmencita.com\/en\/recipes\/tuna-belly-with-sesame\/#primaryimage","url":"https:\/\/carmencita.com\/wp-content\/uploads\/abespeciario\/carmencita-100-recetas-chef-maria-jose-san-roman-ventresca-de-atun-scaled-1.jpg","contentUrl":"https:\/\/carmencita.com\/wp-content\/uploads\/abespeciario\/carmencita-100-recetas-chef-maria-jose-san-roman-ventresca-de-atun-scaled-1.jpg"},{"@type":"BreadcrumbList","@id":"https:\/\/carmencita.com\/en\/recipes\/tuna-belly-with-sesame\/#breadcrumb","itemListElement":[{"@type":"ListItem","position":1,"name":"Carmencita","item":"https:\/\/carmencita.com\/en\/"},{"@type":"ListItem","position":2,"name":"Recipes","item":"https:\/\/carmencita.com\/en\/recipes\/"},{"@type":"ListItem","position":3,"name":"Tuna belly with sesame"}]},{"@type":"WebSite","@id":"https:\/\/carmencita.com\/en\/#website","url":"https:\/\/carmencita.com\/en\/","name":"Carmencita","description":"Cien a\u00f1os dando sabor y color a tu vida","potentialAction":[{"@type":"SearchAction","target":{"@type":"EntryPoint","urlTemplate":"https:\/\/carmencita.com\/en\/?s={search_term_string}"},"query-input":{"@type":"PropertyValueSpecification","valueRequired":true,"valueName":"search_term_string"}}],"inLanguage":"en-US"}]}},"_links":{"self":[{"href":"https:\/\/carmencita.com\/en\/wp-json\/wp\/v2\/pages\/44590","targetHints":{"allow":["GET"]}}],"collection":[{"href":"https:\/\/carmencita.com\/en\/wp-json\/wp\/v2\/pages"}],"about":[{"href":"https:\/\/carmencita.com\/en\/wp-json\/wp\/v2\/types\/page"}],"author":[{"embeddable":true,"href":"https:\/\/carmencita.com\/en\/wp-json\/wp\/v2\/users\/2"}],"replies":[{"embeddable":true,"href":"https:\/\/carmencita.com\/en\/wp-json\/wp\/v2\/comments?post=44590"}],"version-history":[{"count":0,"href":"https:\/\/carmencita.com\/en\/wp-json\/wp\/v2\/pages\/44590\/revisions"}],"up":[{"embeddable":true,"href":"https:\/\/carmencita.com\/en\/wp-json\/wp\/v2\/pages\/44555"}],"wp:attachment":[{"href":"https:\/\/carmencita.com\/en\/wp-json\/wp\/v2\/media?parent=44590"}],"curies":[{"name":"wp","href":"https:\/\/api.w.org\/{rel}","templated":true}]}}