{"id":44593,"date":"2020-09-10T11:14:54","date_gmt":"2020-09-10T09:14:54","guid":{"rendered":"https:\/\/carmencita2.dev3dids.com\/recetas\/escabeche-templado-de-ostra\/"},"modified":"2023-10-24T22:50:17","modified_gmt":"2023-10-24T20:50:17","slug":"warm-pickled-oysters","status":"publish","type":"page","link":"https:\/\/carmencita.com\/en\/recipes\/warm-pickled-oysters\/","title":{"rendered":"Warm pickled oysters"},"content":{"rendered":"\t\t<div data-elementor-type=\"wp-page\" data-elementor-id=\"44593\" class=\"elementor elementor-44593 elementor-9547\" data-elementor-post-type=\"page\">\n\t\t\t\t\t\t<section class=\"elementor-section elementor-top-section elementor-element elementor-element-a5153fb elementor-section-boxed elementor-section-height-default elementor-section-height-default\" data-id=\"a5153fb\" data-element_type=\"section\">\n\t\t\t\t\t\t<div class=\"elementor-container elementor-column-gap-no\">\n\t\t\t\t\t<div class=\"elementor-column elementor-col-50 elementor-top-column elementor-element elementor-element-f8ebb37 elementor-hidden-phone\" data-id=\"f8ebb37\" data-element_type=\"column\">\n\t\t\t<div class=\"elementor-widget-wrap\">\n\t\t\t\t\t\t\t<\/div>\n\t\t<\/div>\n\t\t\t\t<div class=\"elementor-column elementor-col-50 elementor-top-column elementor-element elementor-element-ed20736\" data-id=\"ed20736\" data-element_type=\"column\">\n\t\t\t<div class=\"elementor-widget-wrap elementor-element-populated\">\n\t\t\t\t\t\t<div class=\"elementor-element elementor-element-ae1ba37 elementor-widget elementor-widget-image\" data-id=\"ae1ba37\" data-element_type=\"widget\" data-widget_type=\"image.default\">\n\t\t\t\t<div class=\"elementor-widget-container\">\n\t\t\t\t\t\t\t\t\t\t\t\t\t<img fetchpriority=\"high\" decoding=\"async\" width=\"800\" height=\"784\" src=\"https:\/\/carmencita.com\/wp-content\/uploads\/abespeciario\/Kiko-Moya_Escabeche@2x-1024x1003-1.png\" class=\"attachment-large size-large wp-image-45074\" alt=\"\" srcset=\"https:\/\/carmencita.com\/wp-content\/uploads\/abespeciario\/Kiko-Moya_Escabeche@2x-1024x1003-1.png 1024w, https:\/\/carmencita.com\/wp-content\/uploads\/abespeciario\/Kiko-Moya_Escabeche@2x-1024x1003-1-300x294.png 300w, https:\/\/carmencita.com\/wp-content\/uploads\/abespeciario\/Kiko-Moya_Escabeche@2x-1024x1003-1-768x752.png 768w\" sizes=\"(max-width: 800px) 100vw, 800px\" \/>\t\t\t\t\t\t\t\t\t\t\t\t\t<\/div>\n\t\t\t\t<\/div>\n\t\t\t\t\t<\/div>\n\t\t<\/div>\n\t\t\t\t\t<\/div>\n\t\t<\/section>\n\t\t\t\t<section class=\"elementor-section elementor-top-section elementor-element elementor-element-6bb5600 elementor-section-boxed elementor-section-height-default elementor-section-height-default\" data-id=\"6bb5600\" data-element_type=\"section\">\n\t\t\t\t\t\t<div class=\"elementor-container elementor-column-gap-default\">\n\t\t\t\t\t<div class=\"elementor-column elementor-col-100 elementor-top-column elementor-element elementor-element-6be3ff8\" data-id=\"6be3ff8\" data-element_type=\"column\">\n\t\t\t<div class=\"elementor-widget-wrap elementor-element-populated\">\n\t\t\t\t\t\t<div class=\"elementor-element elementor-element-68e3b0d elementor-widget__width-auto elementor-widget-mobile__width-inherit elementor-widget elementor-widget-image\" data-id=\"68e3b0d\" data-element_type=\"widget\" data-widget_type=\"image.default\">\n\t\t\t\t<div class=\"elementor-widget-container\">\n\t\t\t\t\t\t\t\t\t\t\t\t\t<img decoding=\"async\" src=\"https:\/\/carmencita.com\/wp-content\/uploads\/2020\/09\/100_Laurel@2x.jpg\" title=\"100_Laurel@2x\" alt=\"100_Laurel@2x\" loading=\"lazy\" \/>\t\t\t\t\t\t\t\t\t\t\t\t\t<\/div>\n\t\t\t\t<\/div>\n\t\t\t\t<div class=\"elementor-element elementor-element-039c3a0 elementor-widget__width-auto elementor-widget elementor-widget-text-editor\" data-id=\"039c3a0\" data-element_type=\"widget\" data-widget_type=\"text-editor.default\">\n\t\t\t\t<div class=\"elementor-widget-container\">\n\t\t\t\t\t\t\t<p>A hundred years of cooking with spices<\/p>\n\t\t\t\t\t\t<\/div>\n\t\t\t\t<\/div>\n\t\t\t\t<div class=\"elementor-element elementor-element-4151f85 elementor-widget-divider--view-line elementor-widget elementor-widget-divider\" data-id=\"4151f85\" data-element_type=\"widget\" data-widget_type=\"divider.default\">\n\t\t\t\t<div class=\"elementor-widget-container\">\n\t\t\t\t\t<div class=\"elementor-divider\">\n\t\t\t<span class=\"elementor-divider-separator\">\n\t\t\t\t\t\t<\/span>\n\t\t<\/div>\n\t\t\t\t<\/div>\n\t\t\t\t<\/div>\n\t\t\t\t\t<\/div>\n\t\t<\/div>\n\t\t\t\t\t<\/div>\n\t\t<\/section>\n\t\t\t\t<section class=\"elementor-section elementor-top-section elementor-element elementor-element-c8e6d8b elementor-section-boxed elementor-section-height-default elementor-section-height-default\" data-id=\"c8e6d8b\" data-element_type=\"section\">\n\t\t\t\t\t\t<div class=\"elementor-container elementor-column-gap-no\">\n\t\t\t\t\t<div class=\"elementor-column elementor-col-33 elementor-top-column elementor-element elementor-element-f28bc5d\" data-id=\"f28bc5d\" data-element_type=\"column\">\n\t\t\t<div class=\"elementor-widget-wrap\">\n\t\t\t\t\t\t\t<\/div>\n\t\t<\/div>\n\t\t\t\t<div class=\"elementor-column elementor-col-33 elementor-top-column elementor-element elementor-element-4b369ae\" data-id=\"4b369ae\" data-element_type=\"column\">\n\t\t\t<div class=\"elementor-widget-wrap elementor-element-populated\">\n\t\t\t\t\t\t<div class=\"elementor-element elementor-element-e88142a elementor-widget elementor-widget-text-editor\" data-id=\"e88142a\" data-element_type=\"widget\" data-widget_type=\"text-editor.default\">\n\t\t\t\t<div class=\"elementor-widget-container\">\n\t\t\t\t\t\t\t<p><span style=\"color: #000000;\">Kiko Moya<\/span><\/p>\n\t\t\t\t\t\t<\/div>\n\t\t\t\t<\/div>\n\t\t\t\t<div class=\"elementor-element elementor-element-9142126 elementor-widget elementor-widget-text-editor\" data-id=\"9142126\" data-element_type=\"widget\" data-widget_type=\"text-editor.default\">\n\t\t\t\t<div class=\"elementor-widget-container\">\n\t\t\t\t\t\t\t<p>L\u2019Escaleta (Cocentaina, Alicante)<\/p>\n\t\t\t\t\t\t<\/div>\n\t\t\t\t<\/div>\n\t\t\t\t<div class=\"elementor-element elementor-element-58d0b44 elementor-widget elementor-widget-heading\" data-id=\"58d0b44\" data-element_type=\"widget\" data-widget_type=\"heading.default\">\n\t\t\t\t<div class=\"elementor-widget-container\">\n\t\t\t<h2 class=\"elementor-heading-title elementor-size-default\">Warm pickled<br>oysters<\/h2>\t\t<\/div>\n\t\t\t\t<\/div>\n\t\t\t\t<div class=\"elementor-element elementor-element-208fe9d elementor-widget-mobile__width-initial elementor-widget elementor-widget-text-editor\" data-id=\"208fe9d\" data-element_type=\"widget\" data-widget_type=\"text-editor.default\">\n\t\t\t\t<div class=\"elementor-widget-container\">\n\t\t\t\t\t\t\t<p>With bay leaf, black pepper, ginger, clove, cardamom, anise and saffron<\/p>\n\t\t\t\t\t\t<\/div>\n\t\t\t\t<\/div>\n\t\t\t\t<div class=\"elementor-element elementor-element-7a1bc20 elementor-widget elementor-widget-image\" data-id=\"7a1bc20\" data-element_type=\"widget\" data-widget_type=\"image.default\">\n\t\t\t\t<div class=\"elementor-widget-container\">\n\t\t\t\t\t\t\t\t\t\t\t\t\t<img decoding=\"async\" width=\"618\" height=\"121\" src=\"https:\/\/carmencita.com\/wp-content\/uploads\/abespeciario\/Grupo-567@2x.jpg\" class=\"attachment-large size-large wp-image-45072\" alt=\"\" srcset=\"https:\/\/carmencita.com\/wp-content\/uploads\/abespeciario\/Grupo-567@2x.jpg 618w, https:\/\/carmencita.com\/wp-content\/uploads\/abespeciario\/Grupo-567@2x-300x59.jpg 300w\" sizes=\"(max-width: 618px) 100vw, 618px\" \/>\t\t\t\t\t\t\t\t\t\t\t\t\t<\/div>\n\t\t\t\t<\/div>\n\t\t\t\t<div class=\"elementor-element elementor-element-31c1d6d elementor-widget elementor-widget-text-editor\" data-id=\"31c1d6d\" data-element_type=\"widget\" data-widget_type=\"text-editor.default\">\n\t\t\t\t<div class=\"elementor-widget-container\">\n\t\t\t\t\t\t\t<p>Ingredients for 4 people<\/p>\n\t\t\t\t\t\t<\/div>\n\t\t\t\t<\/div>\n\t\t\t\t<div class=\"elementor-element elementor-element-2599b4d elementor-widget__width-initial elementor-widget elementor-widget-text-editor\" data-id=\"2599b4d\" data-element_type=\"widget\" data-widget_type=\"text-editor.default\">\n\t\t\t\t<div class=\"elementor-widget-container\">\n\t\t\t\t\t\t\t<p><strong>For the brine<\/strong><br \/>1 L poultry broth <br \/>250 g of white wine vinegar<br \/>150 g of extra virgin olive oil<br \/>150 g of carrots, finely julienned<br \/>150 g of onion, finely julienned<br \/>100 g de bulbo de hinojo fresco<br \/>30 g of fresh, clean ginger<br \/>5 g of sal<br \/>2 sachets of Carmencita powdered saffron<\/p>\n\t\t\t\t\t\t<\/div>\n\t\t\t\t<\/div>\n\t\t\t\t<div class=\"elementor-element elementor-element-7c5d40d elementor-widget__width-auto elementor-widget elementor-widget-text-editor\" data-id=\"7c5d40d\" data-element_type=\"widget\" data-widget_type=\"text-editor.default\">\n\t\t\t\t<div class=\"elementor-widget-container\">\n\t\t\t\t\t\t\t<p>7 black peppercorns<br \/>5 anise seeds<br \/>3 dried bay leaves<br \/>3 dried bay leaves<br \/>3 pieces of green cardamom<br \/>1 clove<br \/>zest of one lemon <br \/>Zest of half an orange<\/p>\n<\/p>\n<p><strong>One oyster per person<\/strong><\/p>\n\t\t\t\t\t\t<\/div>\n\t\t\t\t<\/div>\n\t\t\t\t\t<\/div>\n\t\t<\/div>\n\t\t\t\t<div class=\"elementor-column elementor-col-33 elementor-top-column elementor-element elementor-element-9aade18\" data-id=\"9aade18\" data-element_type=\"column\">\n\t\t\t<div class=\"elementor-widget-wrap elementor-element-populated\">\n\t\t\t\t\t\t<div class=\"elementor-element elementor-element-3df37db elementor-hidden-phone elementor-widget elementor-widget-spacer\" data-id=\"3df37db\" data-element_type=\"widget\" data-widget_type=\"spacer.default\">\n\t\t\t\t<div class=\"elementor-widget-container\">\n\t\t\t\t\t<div class=\"elementor-spacer\">\n\t\t\t<div class=\"elementor-spacer-inner\"><\/div>\n\t\t<\/div>\n\t\t\t\t<\/div>\n\t\t\t\t<\/div>\n\t\t\t\t<div class=\"elementor-element elementor-element-c90252d elementor-widget elementor-widget-text-editor\" data-id=\"c90252d\" data-element_type=\"widget\" data-widget_type=\"text-editor.default\">\n\t\t\t\t<div class=\"elementor-widget-container\">\n\t\t\t\t\t\t\t<p>Preparation<\/p>\n\t\t\t\t\t\t<\/div>\n\t\t\t\t<\/div>\n\t\t\t\t<div class=\"elementor-element elementor-element-3aa9e59 elementor-widget elementor-widget-text-editor\" data-id=\"3aa9e59\" data-element_type=\"widget\" data-widget_type=\"text-editor.default\">\n\t\t\t\t<div class=\"elementor-widget-container\">\n\t\t\t\t\t\t\t<p>For the brine<\/p>\n\t\t\t\t\t\t<\/div>\n\t\t\t\t<\/div>\n\t\t\t\t<div class=\"elementor-element elementor-element-7726b90 elementor-widget elementor-widget-text-editor\" data-id=\"7726b90\" data-element_type=\"widget\" data-widget_type=\"text-editor.default\">\n\t\t\t\t<div class=\"elementor-widget-container\">\n\t\t\t\t\t\t\t<ul>\n<li>\n<p>Saut\u00e9 the garlic cloves in the oil and, later, the julienned vegetables. Before they brown, deglaze with the vinegar and allow up to half to be consumed.<\/p>\n<\/li>\n<\/ul>\n\t\t\t\t\t\t<\/div>\n\t\t\t\t<\/div>\n\t\t\t\t<div class=\"elementor-element elementor-element-964cf9b elementor-widget elementor-widget-text-editor\" data-id=\"964cf9b\" data-element_type=\"widget\" data-widget_type=\"text-editor.default\">\n\t\t\t\t<div class=\"elementor-widget-container\">\n\t\t\t\t\t\t\t<ul>\n<li>\n<p>A\u00f1ade el caldo de ave y, tambi\u00e9n, las especias, la sal, el azafr\u00e1n y el jengibre. Let the mixture reduce a third in volume and reserve the brine.<\/p>\n<p>With the oyster open and separated from the shell, you only have to heat the brine to later add the oyster and remove immediately from the fire while hot. It will be enough to cook the oyster slightly and add brine just before serving it<br \/>You can use this brine base for any dish you like, above all, in dishes related to the sea. Like mackerel fillets or mussels.<\/p>\n<\/li>\n<\/ul>\n\t\t\t\t\t\t<\/div>\n\t\t\t\t<\/div>\n\t\t\t\t\t<\/div>\n\t\t<\/div>\n\t\t\t\t\t<\/div>\n\t\t<\/section>\n\t\t\t\t<section class=\"elementor-section elementor-top-section elementor-element elementor-element-2df01e4 elementor-section-boxed elementor-section-height-default elementor-section-height-default\" data-id=\"2df01e4\" data-element_type=\"section\">\n\t\t\t\t\t\t<div class=\"elementor-container elementor-column-gap-default\">\n\t\t\t\t\t<div class=\"elementor-column elementor-col-100 elementor-top-column elementor-element elementor-element-eed34eb\" data-id=\"eed34eb\" data-element_type=\"column\">\n\t\t\t<div class=\"elementor-widget-wrap elementor-element-populated\">\n\t\t\t\t\t\t<div class=\"elementor-element elementor-element-9c0924b elementor-widget elementor-widget-template\" data-id=\"9c0924b\" data-element_type=\"widget\" data-widget_type=\"template.default\">\n\t\t\t\t<div class=\"elementor-widget-container\">\n\t\t\t\t\t<div class=\"elementor-template\">\n\t\t\t\t\t<div data-elementor-type=\"page\" data-elementor-id=\"28472\" class=\"elementor elementor-28472\" data-elementor-post-type=\"elementor_library\">\n\t\t\t\t\t\t<section class=\"elementor-section elementor-top-section elementor-element elementor-element-4df000b elementor-section-boxed elementor-section-height-default elementor-section-height-default\" data-id=\"4df000b\" data-element_type=\"section\">\n\t\t\t\t\t\t<div class=\"elementor-container elementor-column-gap-default\">\n\t\t\t\t\t<div class=\"elementor-column elementor-col-100 elementor-top-column elementor-element elementor-element-ecc16bf\" data-id=\"ecc16bf\" data-element_type=\"column\">\n\t\t\t<div class=\"elementor-widget-wrap elementor-element-populated\">\n\t\t\t\t\t\t<div class=\"elementor-element elementor-element-5a3401f elementor-widget elementor-widget-spacer\" data-id=\"5a3401f\" data-element_type=\"widget\" data-widget_type=\"spacer.default\">\n\t\t\t\t<div class=\"elementor-widget-container\">\n\t\t\t\t\t<div class=\"elementor-spacer\">\n\t\t\t<div class=\"elementor-spacer-inner\"><\/div>\n\t\t<\/div>\n\t\t\t\t<\/div>\n\t\t\t\t<\/div>\n\t\t\t\t\t<\/div>\n\t\t<\/div>\n\t\t\t\t\t<\/div>\n\t\t<\/section>\n\t\t\t\t<\/div>\n\t\t\t\t<\/div>\n\t\t\t\t<\/div>\n\t\t\t\t<\/div>\n\t\t\t\t\t<\/div>\n\t\t<\/div>\n\t\t\t\t\t<\/div>\n\t\t<\/section>\n\t\t\t\t<\/div>\n\t\t","protected":false},"excerpt":{"rendered":"<p>A hundred years of cooking with spices Kiko Moya L\u2019Escaleta (Cocentaina, Alicante) Warm pickledoysters With bay leaf, black pepper, ginger, clove, cardamom, anise and saffron Ingredients for 4 people For the brine1 L poultry broth 250 g of white wine vinegar150 g of extra virgin olive oil150 g of carrots, finely julienned150 g of onion, [&hellip;]<\/p>\n","protected":false},"author":2,"featured_media":0,"parent":44555,"menu_order":0,"comment_status":"closed","ping_status":"closed","template":"elementor_header_footer","meta":{"_acf_changed":false,"inline_featured_image":false,"footnotes":""},"class_list":["post-44593","page","type-page","status-publish","hentry"],"acf":[],"yoast_head":"<!-- This site is optimized with the Yoast SEO plugin v27.2 - https:\/\/yoast.com\/product\/yoast-seo-wordpress\/ -->\n<title>Warm pickled oysters<\/title>\n<meta name=\"robots\" content=\"index, follow, max-snippet:-1, max-image-preview:large, max-video-preview:-1\" \/>\n<link rel=\"canonical\" href=\"https:\/\/carmencita.com\/en\/recipes\/warm-pickled-oysters\/\" \/>\n<meta property=\"og:locale\" content=\"en_US\" \/>\n<meta property=\"og:type\" content=\"article\" \/>\n<meta property=\"og:title\" content=\"Warm pickled oysters\" \/>\n<meta property=\"og:description\" content=\"A hundred years of cooking with spices Kiko Moya L\u2019Escaleta (Cocentaina, Alicante) Warm pickledoysters With bay leaf, black pepper, ginger, clove, cardamom, anise and saffron Ingredients for 4 people For the brine1 L poultry broth 250 g of white wine vinegar150 g of extra virgin olive oil150 g of carrots, finely julienned150 g of onion, [&hellip;]\" \/>\n<meta property=\"og:url\" content=\"https:\/\/carmencita.com\/en\/recipes\/warm-pickled-oysters\/\" \/>\n<meta property=\"og:site_name\" content=\"Carmencita\" \/>\n<meta property=\"article:publisher\" content=\"https:\/\/www.facebook.com\/especias.carmencita\/\" \/>\n<meta property=\"article:modified_time\" content=\"2023-10-24T20:50:17+00:00\" \/>\n<meta property=\"og:image\" content=\"https:\/\/carmencita.com\/wp-content\/uploads\/abespeciario\/Kiko-Moya_Escabeche@2x-1024x1003-1.png\" \/>\n<meta name=\"twitter:card\" content=\"summary_large_image\" \/>\n<meta name=\"twitter:site\" content=\"@carmencitaspice\" \/>\n<script type=\"application\/ld+json\" class=\"yoast-schema-graph\">{\"@context\":\"https:\/\/schema.org\",\"@graph\":[{\"@type\":\"WebPage\",\"@id\":\"https:\/\/carmencita.com\/en\/recipes\/warm-pickled-oysters\/\",\"url\":\"https:\/\/carmencita.com\/en\/recipes\/warm-pickled-oysters\/\",\"name\":\"Warm pickled oysters\",\"isPartOf\":{\"@id\":\"https:\/\/carmencita.com\/en\/#website\"},\"primaryImageOfPage\":{\"@id\":\"https:\/\/carmencita.com\/en\/recipes\/warm-pickled-oysters\/#primaryimage\"},\"image\":{\"@id\":\"https:\/\/carmencita.com\/en\/recipes\/warm-pickled-oysters\/#primaryimage\"},\"thumbnailUrl\":\"https:\/\/carmencita.com\/wp-content\/uploads\/abespeciario\/Kiko-Moya_Escabeche@2x-1024x1003-1.png\",\"datePublished\":\"2020-09-10T09:14:54+00:00\",\"dateModified\":\"2023-10-24T20:50:17+00:00\",\"breadcrumb\":{\"@id\":\"https:\/\/carmencita.com\/en\/recipes\/warm-pickled-oysters\/#breadcrumb\"},\"inLanguage\":\"en-US\",\"potentialAction\":[{\"@type\":\"ReadAction\",\"target\":[\"https:\/\/carmencita.com\/en\/recipes\/warm-pickled-oysters\/\"]}]},{\"@type\":\"ImageObject\",\"inLanguage\":\"en-US\",\"@id\":\"https:\/\/carmencita.com\/en\/recipes\/warm-pickled-oysters\/#primaryimage\",\"url\":\"https:\/\/carmencita.com\/wp-content\/uploads\/abespeciario\/Kiko-Moya_Escabeche@2x-1024x1003-1.png\",\"contentUrl\":\"https:\/\/carmencita.com\/wp-content\/uploads\/abespeciario\/Kiko-Moya_Escabeche@2x-1024x1003-1.png\"},{\"@type\":\"BreadcrumbList\",\"@id\":\"https:\/\/carmencita.com\/en\/recipes\/warm-pickled-oysters\/#breadcrumb\",\"itemListElement\":[{\"@type\":\"ListItem\",\"position\":1,\"name\":\"Carmencita\",\"item\":\"https:\/\/carmencita.com\/en\/\"},{\"@type\":\"ListItem\",\"position\":2,\"name\":\"Recipes\",\"item\":\"https:\/\/carmencita.com\/en\/recipes\/\"},{\"@type\":\"ListItem\",\"position\":3,\"name\":\"Warm pickled oysters\"}]},{\"@type\":\"WebSite\",\"@id\":\"https:\/\/carmencita.com\/en\/#website\",\"url\":\"https:\/\/carmencita.com\/en\/\",\"name\":\"Carmencita\",\"description\":\"Cien a\u00f1os dando sabor y color a tu vida\",\"potentialAction\":[{\"@type\":\"SearchAction\",\"target\":{\"@type\":\"EntryPoint\",\"urlTemplate\":\"https:\/\/carmencita.com\/en\/?s={search_term_string}\"},\"query-input\":{\"@type\":\"PropertyValueSpecification\",\"valueRequired\":true,\"valueName\":\"search_term_string\"}}],\"inLanguage\":\"en-US\"}]}<\/script>\n<!-- \/ Yoast SEO plugin. -->","yoast_head_json":{"title":"Warm pickled oysters","robots":{"index":"index","follow":"follow","max-snippet":"max-snippet:-1","max-image-preview":"max-image-preview:large","max-video-preview":"max-video-preview:-1"},"canonical":"https:\/\/carmencita.com\/en\/recipes\/warm-pickled-oysters\/","og_locale":"en_US","og_type":"article","og_title":"Warm pickled oysters","og_description":"A hundred years of cooking with spices Kiko Moya L\u2019Escaleta (Cocentaina, Alicante) Warm pickledoysters With bay leaf, black pepper, ginger, clove, cardamom, anise and saffron Ingredients for 4 people For the brine1 L poultry broth 250 g of white wine vinegar150 g of extra virgin olive oil150 g of carrots, finely julienned150 g of onion, [&hellip;]","og_url":"https:\/\/carmencita.com\/en\/recipes\/warm-pickled-oysters\/","og_site_name":"Carmencita","article_publisher":"https:\/\/www.facebook.com\/especias.carmencita\/","article_modified_time":"2023-10-24T20:50:17+00:00","og_image":[{"url":"https:\/\/carmencita.com\/wp-content\/uploads\/abespeciario\/Kiko-Moya_Escabeche@2x-1024x1003-1.png","type":"","width":"","height":""}],"twitter_card":"summary_large_image","twitter_site":"@carmencitaspice","schema":{"@context":"https:\/\/schema.org","@graph":[{"@type":"WebPage","@id":"https:\/\/carmencita.com\/en\/recipes\/warm-pickled-oysters\/","url":"https:\/\/carmencita.com\/en\/recipes\/warm-pickled-oysters\/","name":"Warm pickled oysters","isPartOf":{"@id":"https:\/\/carmencita.com\/en\/#website"},"primaryImageOfPage":{"@id":"https:\/\/carmencita.com\/en\/recipes\/warm-pickled-oysters\/#primaryimage"},"image":{"@id":"https:\/\/carmencita.com\/en\/recipes\/warm-pickled-oysters\/#primaryimage"},"thumbnailUrl":"https:\/\/carmencita.com\/wp-content\/uploads\/abespeciario\/Kiko-Moya_Escabeche@2x-1024x1003-1.png","datePublished":"2020-09-10T09:14:54+00:00","dateModified":"2023-10-24T20:50:17+00:00","breadcrumb":{"@id":"https:\/\/carmencita.com\/en\/recipes\/warm-pickled-oysters\/#breadcrumb"},"inLanguage":"en-US","potentialAction":[{"@type":"ReadAction","target":["https:\/\/carmencita.com\/en\/recipes\/warm-pickled-oysters\/"]}]},{"@type":"ImageObject","inLanguage":"en-US","@id":"https:\/\/carmencita.com\/en\/recipes\/warm-pickled-oysters\/#primaryimage","url":"https:\/\/carmencita.com\/wp-content\/uploads\/abespeciario\/Kiko-Moya_Escabeche@2x-1024x1003-1.png","contentUrl":"https:\/\/carmencita.com\/wp-content\/uploads\/abespeciario\/Kiko-Moya_Escabeche@2x-1024x1003-1.png"},{"@type":"BreadcrumbList","@id":"https:\/\/carmencita.com\/en\/recipes\/warm-pickled-oysters\/#breadcrumb","itemListElement":[{"@type":"ListItem","position":1,"name":"Carmencita","item":"https:\/\/carmencita.com\/en\/"},{"@type":"ListItem","position":2,"name":"Recipes","item":"https:\/\/carmencita.com\/en\/recipes\/"},{"@type":"ListItem","position":3,"name":"Warm pickled oysters"}]},{"@type":"WebSite","@id":"https:\/\/carmencita.com\/en\/#website","url":"https:\/\/carmencita.com\/en\/","name":"Carmencita","description":"Cien a\u00f1os dando sabor y color a tu vida","potentialAction":[{"@type":"SearchAction","target":{"@type":"EntryPoint","urlTemplate":"https:\/\/carmencita.com\/en\/?s={search_term_string}"},"query-input":{"@type":"PropertyValueSpecification","valueRequired":true,"valueName":"search_term_string"}}],"inLanguage":"en-US"}]}},"_links":{"self":[{"href":"https:\/\/carmencita.com\/en\/wp-json\/wp\/v2\/pages\/44593","targetHints":{"allow":["GET"]}}],"collection":[{"href":"https:\/\/carmencita.com\/en\/wp-json\/wp\/v2\/pages"}],"about":[{"href":"https:\/\/carmencita.com\/en\/wp-json\/wp\/v2\/types\/page"}],"author":[{"embeddable":true,"href":"https:\/\/carmencita.com\/en\/wp-json\/wp\/v2\/users\/2"}],"replies":[{"embeddable":true,"href":"https:\/\/carmencita.com\/en\/wp-json\/wp\/v2\/comments?post=44593"}],"version-history":[{"count":0,"href":"https:\/\/carmencita.com\/en\/wp-json\/wp\/v2\/pages\/44593\/revisions"}],"up":[{"embeddable":true,"href":"https:\/\/carmencita.com\/en\/wp-json\/wp\/v2\/pages\/44555"}],"wp:attachment":[{"href":"https:\/\/carmencita.com\/en\/wp-json\/wp\/v2\/media?parent=44593"}],"curies":[{"name":"wp","href":"https:\/\/api.w.org\/{rel}","templated":true}]}}